{"id":120,"date":"2015-04-13T18:47:04","date_gmt":"2015-04-13T18:47:04","guid":{"rendered":"http:\/\/contables.unp.edu.py\/?page_id=120"},"modified":"2015-04-13T18:47:04","modified_gmt":"2015-04-13T18:47:04","slug":"politicas-de-investigacion","status":"publish","type":"page","link":"https:\/\/contables.unp.edu.py\/?page_id=120","title":{"rendered":"Pol\u00edticas de Investigaci\u00f3n"},"content":{"rendered":"<p style=\"text-align: justify;\">La sociedad del conocimiento demanda investigaci\u00f3n con impacto. La cultura investigativa se construye a partir de la investigaci\u00f3n formativa y del desarrollo de la investigaci\u00f3n cient\u00edfica.<br \/>\nLa investigaci\u00f3n formativa propende por la formaci\u00f3n de alto nivel del cuerpo docente y por la formaci\u00f3n estudiantil para el relevo generacional y el desarrollo de competencias cient\u00edficas. Resultados y procesos investigativos son articulados a desarrollos acad\u00e9micos, acordes con la modernizaci\u00f3n y la renovaci\u00f3n curricular de la Instituci\u00f3n.<br \/>\nLa investigaci\u00f3n cient\u00edfica se construye, en primer lugar, como fruto de la gestaci\u00f3n y maduraci\u00f3n de grupos con agendas estrat\u00e9gicas de investigaci\u00f3n; en segundo lugar, por la adopci\u00f3n de l\u00edneas pertinentes para el desarrollo social, en consulta a las pol\u00edticas a nivel nacional en materia de Ciencia y Tecnolog\u00eda, a los planes del gobierno departamental en la materia y a la pol\u00edtica institucional a nivel del Rectorado, de articulaci\u00f3n con los campos del saber que imparte; y, en tercer lugar, por la definici\u00f3n de una estructura funcional que ubica la investigaci\u00f3n como inversi\u00f3n prioritaria.<br \/>\nLa apropiaci\u00f3n social del conocimiento es una responsabilidad social que la Facultad ha asumido. Se tiene el firme prop\u00f3sito de la divulgaci\u00f3n hacia p\u00fablicos cient\u00edficos y facilitar el encadenamiento en redes de conocimiento y la circulaci\u00f3n de resultados en publicaciones validadas por la comunidad cient\u00edfica, nacional e internacional.<br \/>\nLa relaci\u00f3n investigaci\u00f3n \u2013 sociedad pretende ubicar la Instituci\u00f3n a la vanguardia de la articulaci\u00f3n Universidad\u2013Empresa\u2013Estado, para, en mutuo compromiso, ejecutar investigaci\u00f3n de punta, lograr avances significativos y ser gestores de transformaci\u00f3n en los \u00e1mbitos de la informaci\u00f3n contable, la administraci\u00f3n y la econom\u00eda.<\/p>\n","protected":false},"excerpt":{"rendered":"<p>La sociedad del conocimiento demanda investigaci\u00f3n con impacto. La cultura investigativa se construye a partir de la investigaci\u00f3n formativa y [&hellip;]<\/p>\n","protected":false},"author":3,"featured_media":0,"parent":0,"menu_order":0,"comment_status":"open","ping_status":"open","template":"","meta":{"site-sidebar-layout":"default","site-content-layout":"","ast-site-content-layout":"default","site-content-style":"default","site-sidebar-style":"default","ast-global-header-display":"","ast-banner-title-visibility":"","ast-main-header-display":"","ast-hfb-above-header-display":"","ast-hfb-below-header-display":"","ast-hfb-mobile-header-display":"","site-post-title":"","ast-breadcrumbs-content":"","ast-featured-img":"","footer-sml-layout":"","ast-disable-related-posts":"","theme-transparent-header-meta":"","adv-header-id-meta":"","stick-header-meta":"","header-above-stick-meta":"","header-main-stick-meta":"","header-below-stick-meta":"","astra-migrate-meta-layouts":"default","ast-page-background-enabled":"default","ast-page-background-meta":{"desktop":{"background-color":"var(--ast-global-color-5)","background-image":"","background-repeat":"repeat","background-position":"center center","background-size":"auto","background-attachment":"scroll","background-type":"","background-media":"","overlay-type":"","overlay-color":"","overlay-opacity":"","overlay-gradient":""},"tablet":{"background-color":"","background-image":"","background-repeat":"repeat","background-position":"center center","background-size":"auto","background-attachment":"scroll","background-type":"","background-media":"","overlay-type":"","overlay-color":"","overlay-opacity":"","overlay-gradient":""},"mobile":{"background-color":"","background-image":"","background-repeat":"repeat","background-position":"center center","background-size":"auto","background-attachment":"scroll","background-type":"","background-media":"","overlay-type":"","overlay-color":"","overlay-opacity":"","overlay-gradient":""}},"ast-content-background-meta":{"desktop":{"background-color":"var(--ast-global-color-4)","background-image":"","background-repeat":"repeat","background-position":"center center","background-size":"auto","background-attachment":"scroll","background-type":"","background-media":"","overlay-type":"","overlay-color":"","overlay-opacity":"","overlay-gradient":""},"tablet":{"background-color":"var(--ast-global-color-4)","background-image":"","background-repeat":"repeat","background-position":"center center","background-size":"auto","background-attachment":"scroll","background-type":"","background-media":"","overlay-type":"","overlay-color":"","overlay-opacity":"","overlay-gradient":""},"mobile":{"background-color":"var(--ast-global-color-4)","background-image":"","background-repeat":"repeat","background-position":"center center","background-size":"auto","background-attachment":"scroll","background-type":"","background-media":"","overlay-type":"","overlay-color":"","overlay-opacity":"","overlay-gradient":""}},"footnotes":""},"class_list":["post-120","page","type-page","status-publish","hentry"],"_links":{"self":[{"href":"https:\/\/contables.unp.edu.py\/index.php?rest_route=\/wp\/v2\/pages\/120","targetHints":{"allow":["GET"]}}],"collection":[{"href":"https:\/\/contables.unp.edu.py\/index.php?rest_route=\/wp\/v2\/pages"}],"about":[{"href":"https:\/\/contables.unp.edu.py\/index.php?rest_route=\/wp\/v2\/types\/page"}],"author":[{"embeddable":true,"href":"https:\/\/contables.unp.edu.py\/index.php?rest_route=\/wp\/v2\/users\/3"}],"replies":[{"embeddable":true,"href":"https:\/\/contables.unp.edu.py\/index.php?rest_route=%2Fwp%2Fv2%2Fcomments&post=120"}],"version-history":[{"count":1,"href":"https:\/\/contables.unp.edu.py\/index.php?rest_route=\/wp\/v2\/pages\/120\/revisions"}],"predecessor-version":[{"id":121,"href":"https:\/\/contables.unp.edu.py\/index.php?rest_route=\/wp\/v2\/pages\/120\/revisions\/121"}],"wp:attachment":[{"href":"https:\/\/contables.unp.edu.py\/index.php?rest_route=%2Fwp%2Fv2%2Fmedia&parent=120"}],"curies":[{"name":"wp","href":"https:\/\/api.w.org\/{rel}","templated":true}]}}