{"id":1211,"date":"2017-08-17T15:50:02","date_gmt":"2017-08-17T15:50:02","guid":{"rendered":"http:\/\/contables.unp.edu.py\/?page_id=1211"},"modified":"2017-08-17T15:55:51","modified_gmt":"2017-08-17T15:55:51","slug":"proyectos-de-investigacion-cofinanciados-por-conacyt","status":"publish","type":"page","link":"https:\/\/contables.unp.edu.py\/?page_id=1211","title":{"rendered":"Proyectos de investigaci\u00f3n cofinanciados por CONACYT"},"content":{"rendered":"<p>El Consejo Nacional de Ciencia y Tecnolog\u00eda \u2013 CONACYT informa que por\u00a0 Resoluci\u00f3n N\u00ba 310\/2016\u00a0 del 22 de julio del cte. se establece la n\u00f3mina de Proyectos de Investigaci\u00f3n adjudicados en el marco del \u201cComponente I: Fomento a la Investigaci\u00f3n Cient\u00edfica\u201d del Programa Paraguayo para el Desarrollo de la Ciencia y Tecnolog\u00eda \u2013 PROCIENCIA \u2013 Convocatoria 2015, el cual es financiado con recursos del Fondo para la Excelencia de la Educaci\u00f3n y la Investigaci\u00f3n del FONACIDE.<\/p>\n<p>La Universidad Nacional de Pilar, a trav\u00e9s de la Facultad de Ciencias, Tecnolog\u00edas y Artes y la Facultad de Ciencias Contables, Administrativas y Econ\u00f3micas, fue adjudicada en los siguientes proyectos:<\/p>\n<p><em><strong>Proyecto Asociativo: \u201cFortalecimiento de la Competitividad de la PYMES como factor de desarrollo de la ciudad de Pilar\u201d<\/strong><\/em><br \/>\nDirector de Proyecto: Ever F. Villalba.<br \/>\nResponsable Administrativo: Gustavo R. Ferreira<br \/>\nEquipo de Investigaci\u00f3n: Petrona E. Fretes, Carlos Mancuello, Lourdes S\u00e1nchez, Olga Acosta, Rolando Ortega. Asesores extranjeros: Jorge G. Odriozola, Carlos E. Bondar (Facultad de Ciencias Econ\u00f3micas de la UNNE \u2013 Argentina).<br \/>\nObjetivo del Proyecto: Contribuir al fortalecimiento de la competitividad de las PYMES que operan en la ciudad de Pilar para favorecer el desarrollo local.<br \/>\nMonto Financiado por el CONACYT: Gs. 321.624.000<\/p>\n<p><em><strong>Proyecto Institucional: \u201cPotencialidad del turismo como alternativa para el desarrollo sostenible en el departamento de \u00d1eembuc\u00fa\u201c.<\/strong><\/em><br \/>\nDirector del Proyecto: Jos\u00e9 Mar\u00eda G\u00f3mez Duarte<br \/>\nResponsable Administrativo: Gustavo R. Ferreira<br \/>\nEquipo de Investigaci\u00f3n: Gladys Britez, Gustavo Forner\u00f3n, Tania Riveros, Gustavo Ferreira.<br \/>\nAsesor Extranjero: James Venturi.<br \/>\nObjetivo del Proyecto: Contribuir con el desarrollo socio econ\u00f3mico de la regi\u00f3n a trav\u00e9s de la revaloraci\u00f3n de los recursos tur\u00edsticos, medioambientales, culturales e hist\u00f3ricos y la producci\u00f3n de conocimientos cient\u00edficos relacionados al sector de estudio.<br \/>\nMonto Financiado por el CONACYT: Gs. 397.950.000<\/p>\n<p><em><strong>Proyecto Institucional: \u201cEl perfil emprendedor en Paraguay, an\u00e1lisis de la poblaci\u00f3n juvenil\u201d.<\/strong><\/em><br \/>\nDirector del Proyecto: Ever Federico Villalba Ben\u00edtez<br \/>\nResponsable Administrativo: Gustavo R. Ferreira<br \/>\nEquipo de Investigaci\u00f3n: Petrona Elizabeth Fretes Ayala, Rolando Jr. Ortega Carrasco, Tania I. Riveros Montiel, Carlos Marcelo Mancuello, James Luiz Venturi.<br \/>\nObjetivo del Proyecto: Conocer el perfil emprendedor de los j\u00f3venes de entre 15 a 29 a\u00f1os de la poblaci\u00f3n paraguaya con el fin de proponer estrategias cient\u00edficas de intervenci\u00f3n sobre sus fortalezas y debilidades.<br \/>\nMonto Adjudicado Gs. 360.000.000.<br \/>\nAdjudicado en el segundo grupo seg\u00fan Resoluci\u00f3n 491\/2016.<\/p>\n<p><em><strong>Proyecto Asociativo: \u201cImplementaci\u00f3n y Desarrollo de Aglomeraciones Empresariales y Redes Productivas en el Departamento de \u00d1eembuc\u00fa<\/strong><\/em>\u201d<\/p>\n<p>Este proyecto tiene como objetivo identificar y describir posibles factores operaciones que influencian la permanencia de las empresas en aglomeraciones empresariales y redes de cadenas productivas. El equipo de trabajo est\u00e1 conformado por los Investigadores James Venturi, Petrona Fretes, Roberto Godoy y Hugo Ferreiro.<\/p>\n<p><a href=\"http:\/\/contables.unp.edu.py\/wp-content\/uploads\/2017\/08\/iMG_1467921436643.jpg\"><img fetchpriority=\"high\" decoding=\"async\" class=\"wp-image-1165 size-full aligncenter\" src=\"http:\/\/contables.unp.edu.py\/wp-content\/uploads\/2017\/08\/iMG_1467921436643.jpg\" alt=\"\" width=\"960\" height=\"540\" srcset=\"https:\/\/contables.unp.edu.py\/wp-content\/uploads\/2017\/08\/iMG_1467921436643.jpg 960w, https:\/\/contables.unp.edu.py\/wp-content\/uploads\/2017\/08\/iMG_1467921436643-300x169.jpg 300w, https:\/\/contables.unp.edu.py\/wp-content\/uploads\/2017\/08\/iMG_1467921436643-768x432.jpg 768w\" sizes=\"(max-width: 960px) 100vw, 960px\" \/><\/a><\/p>\n","protected":false},"excerpt":{"rendered":"<p>El Consejo Nacional de Ciencia y Tecnolog\u00eda \u2013 CONACYT informa que por\u00a0 Resoluci\u00f3n N\u00ba 310\/2016\u00a0 del 22 de julio del [&hellip;]<\/p>\n","protected":false},"author":1,"featured_media":0,"parent":0,"menu_order":0,"comment_status":"closed","ping_status":"closed","template":"","meta":{"site-sidebar-layout":"default","site-content-layout":"","ast-site-content-layout":"default","site-content-style":"default","site-sidebar-style":"default","ast-global-header-display":"","ast-banner-title-visibility":"","ast-main-header-display":"","ast-hfb-above-header-display":"","ast-hfb-below-header-display":"","ast-hfb-mobile-header-display":"","site-post-title":"","ast-breadcrumbs-content":"","ast-featured-img":"","footer-sml-layout":"","ast-disable-related-posts":"","theme-transparent-header-meta":"","adv-header-id-meta":"","stick-header-meta":"","header-above-stick-meta":"","header-main-stick-meta":"","header-below-stick-meta":"","astra-migrate-meta-layouts":"default","ast-page-background-enabled":"default","ast-page-background-meta":{"desktop":{"background-color":"var(--ast-global-color-5)","background-image":"","background-repeat":"repeat","background-position":"center center","background-size":"auto","background-attachment":"scroll","background-type":"","background-media":"","overlay-type":"","overlay-color":"","overlay-opacity":"","overlay-gradient":""},"tablet":{"background-color":"","background-image":"","background-repeat":"repeat","background-position":"center center","background-size":"auto","background-attachment":"scroll","background-type":"","background-media":"","overlay-type":"","overlay-color":"","overlay-opacity":"","overlay-gradient":""},"mobile":{"background-color":"","background-image":"","background-repeat":"repeat","background-position":"center center","background-size":"auto","background-attachment":"scroll","background-type":"","background-media":"","overlay-type":"","overlay-color":"","overlay-opacity":"","overlay-gradient":""}},"ast-content-background-meta":{"desktop":{"background-color":"var(--ast-global-color-4)","background-image":"","background-repeat":"repeat","background-position":"center center","background-size":"auto","background-attachment":"scroll","background-type":"","background-media":"","overlay-type":"","overlay-color":"","overlay-opacity":"","overlay-gradient":""},"tablet":{"background-color":"var(--ast-global-color-4)","background-image":"","background-repeat":"repeat","background-position":"center center","background-size":"auto","background-attachment":"scroll","background-type":"","background-media":"","overlay-type":"","overlay-color":"","overlay-opacity":"","overlay-gradient":""},"mobile":{"background-color":"var(--ast-global-color-4)","background-image":"","background-repeat":"repeat","background-position":"center center","background-size":"auto","background-attachment":"scroll","background-type":"","background-media":"","overlay-type":"","overlay-color":"","overlay-opacity":"","overlay-gradient":""}},"footnotes":""},"class_list":["post-1211","page","type-page","status-publish","hentry"],"_links":{"self":[{"href":"https:\/\/contables.unp.edu.py\/index.php?rest_route=\/wp\/v2\/pages\/1211","targetHints":{"allow":["GET"]}}],"collection":[{"href":"https:\/\/contables.unp.edu.py\/index.php?rest_route=\/wp\/v2\/pages"}],"about":[{"href":"https:\/\/contables.unp.edu.py\/index.php?rest_route=\/wp\/v2\/types\/page"}],"author":[{"embeddable":true,"href":"https:\/\/contables.unp.edu.py\/index.php?rest_route=\/wp\/v2\/users\/1"}],"replies":[{"embeddable":true,"href":"https:\/\/contables.unp.edu.py\/index.php?rest_route=%2Fwp%2Fv2%2Fcomments&post=1211"}],"version-history":[{"count":3,"href":"https:\/\/contables.unp.edu.py\/index.php?rest_route=\/wp\/v2\/pages\/1211\/revisions"}],"predecessor-version":[{"id":1220,"href":"https:\/\/contables.unp.edu.py\/index.php?rest_route=\/wp\/v2\/pages\/1211\/revisions\/1220"}],"wp:attachment":[{"href":"https:\/\/contables.unp.edu.py\/index.php?rest_route=%2Fwp%2Fv2%2Fmedia&parent=1211"}],"curies":[{"name":"wp","href":"https:\/\/api.w.org\/{rel}","templated":true}]}}