{"id":1212,"date":"2017-08-17T15:40:16","date_gmt":"2017-08-17T15:40:16","guid":{"rendered":"http:\/\/contables.unp.edu.py\/?page_id=1212"},"modified":"2017-08-17T15:51:50","modified_gmt":"2017-08-17T15:51:50","slug":"proyectos-de-investigacion-2016","status":"publish","type":"page","link":"https:\/\/contables.unp.edu.py\/?page_id=1212","title":{"rendered":"Proyectos de investigaci\u00f3n institucional 2016"},"content":{"rendered":"<p>En esta secci\u00f3n se describen los principales proyectos de investigaci\u00f3n desarrollados durante el a\u00f1o 2016 conjuntamente entre la Facultad de Ciencias Contables, Administrativas y Econ\u00f3micas y la Facultad de Ciencias, Tecnolog\u00edas y Artes.<\/p>\n<p><em><strong>Proyecto: Caracter\u00edsticas del comportamiento emprendedor de los estudiantes en las carreras de Administraci\u00f3n y Contabilidad de la Facultad de Ciencias Contables, Administrativas y Econ\u00f3micas.<\/strong><\/em><\/p>\n<p>Objetivo: Evaluar el desarrollo de las caracter\u00edsticas del comportamiento emprendedor de los estudiantes en las carreras de Administraci\u00f3n y Contabilidad de la Facultad de Ciencias Contables, Administrativas y Econ\u00f3micas.<\/p>\n<p>Director del Proyecto: Msc. Ever F. Villalba<\/p>\n<p>Equipo de Trabajo: Miembros del Observatorio de Emprendedurismo<\/p>\n<p>&nbsp;<\/p>\n<p><em><strong>Proyecto: La asociatividad de los productores hort\u00edcolas de la ciudad de Pilar y sus compa\u00f1\u00edas<\/strong><\/em><\/p>\n<p>Objetivo: Conocer la capacidad asociativa de los productores hort\u00edcolas de la ciudad de Pilar y sus compa\u00f1\u00edas.<\/p>\n<p>Directora del Proyecto: Msc. Petrona Fretes<\/p>\n<p>Equipo de Trabajo: Miembros del Observatorio de Emprendedurismo<\/p>\n","protected":false},"excerpt":{"rendered":"<p>En esta secci\u00f3n se describen los principales proyectos de investigaci\u00f3n desarrollados durante el a\u00f1o 2016 conjuntamente entre la Facultad de [&hellip;]<\/p>\n","protected":false},"author":1,"featured_media":0,"parent":0,"menu_order":0,"comment_status":"closed","ping_status":"closed","template":"","meta":{"site-sidebar-layout":"default","site-content-layout":"","ast-site-content-layout":"default","site-content-style":"default","site-sidebar-style":"default","ast-global-header-display":"","ast-banner-title-visibility":"","ast-main-header-display":"","ast-hfb-above-header-display":"","ast-hfb-below-header-display":"","ast-hfb-mobile-header-display":"","site-post-title":"","ast-breadcrumbs-content":"","ast-featured-img":"","footer-sml-layout":"","ast-disable-related-posts":"","theme-transparent-header-meta":"","adv-header-id-meta":"","stick-header-meta":"","header-above-stick-meta":"","header-main-stick-meta":"","header-below-stick-meta":"","astra-migrate-meta-layouts":"default","ast-page-background-enabled":"default","ast-page-background-meta":{"desktop":{"background-color":"var(--ast-global-color-5)","background-image":"","background-repeat":"repeat","background-position":"center center","background-size":"auto","background-attachment":"scroll","background-type":"","background-media":"","overlay-type":"","overlay-color":"","overlay-opacity":"","overlay-gradient":""},"tablet":{"background-color":"","background-image":"","background-repeat":"repeat","background-position":"center center","background-size":"auto","background-attachment":"scroll","background-type":"","background-media":"","overlay-type":"","overlay-color":"","overlay-opacity":"","overlay-gradient":""},"mobile":{"background-color":"","background-image":"","background-repeat":"repeat","background-position":"center center","background-size":"auto","background-attachment":"scroll","background-type":"","background-media":"","overlay-type":"","overlay-color":"","overlay-opacity":"","overlay-gradient":""}},"ast-content-background-meta":{"desktop":{"background-color":"var(--ast-global-color-4)","background-image":"","background-repeat":"repeat","background-position":"center center","background-size":"auto","background-attachment":"scroll","background-type":"","background-media":"","overlay-type":"","overlay-color":"","overlay-opacity":"","overlay-gradient":""},"tablet":{"background-color":"var(--ast-global-color-4)","background-image":"","background-repeat":"repeat","background-position":"center center","background-size":"auto","background-attachment":"scroll","background-type":"","background-media":"","overlay-type":"","overlay-color":"","overlay-opacity":"","overlay-gradient":""},"mobile":{"background-color":"var(--ast-global-color-4)","background-image":"","background-repeat":"repeat","background-position":"center center","background-size":"auto","background-attachment":"scroll","background-type":"","background-media":"","overlay-type":"","overlay-color":"","overlay-opacity":"","overlay-gradient":""}},"footnotes":""},"class_list":["post-1212","page","type-page","status-publish","hentry"],"_links":{"self":[{"href":"https:\/\/contables.unp.edu.py\/index.php?rest_route=\/wp\/v2\/pages\/1212","targetHints":{"allow":["GET"]}}],"collection":[{"href":"https:\/\/contables.unp.edu.py\/index.php?rest_route=\/wp\/v2\/pages"}],"about":[{"href":"https:\/\/contables.unp.edu.py\/index.php?rest_route=\/wp\/v2\/types\/page"}],"author":[{"embeddable":true,"href":"https:\/\/contables.unp.edu.py\/index.php?rest_route=\/wp\/v2\/users\/1"}],"replies":[{"embeddable":true,"href":"https:\/\/contables.unp.edu.py\/index.php?rest_route=%2Fwp%2Fv2%2Fcomments&post=1212"}],"version-history":[{"count":3,"href":"https:\/\/contables.unp.edu.py\/index.php?rest_route=\/wp\/v2\/pages\/1212\/revisions"}],"predecessor-version":[{"id":1216,"href":"https:\/\/contables.unp.edu.py\/index.php?rest_route=\/wp\/v2\/pages\/1212\/revisions\/1216"}],"wp:attachment":[{"href":"https:\/\/contables.unp.edu.py\/index.php?rest_route=%2Fwp%2Fv2%2Fmedia&parent=1212"}],"curies":[{"name":"wp","href":"https:\/\/api.w.org\/{rel}","templated":true}]}}