{"id":122,"date":"2015-04-13T18:47:33","date_gmt":"2015-04-13T18:47:33","guid":{"rendered":"http:\/\/contables.unp.edu.py\/?page_id=122"},"modified":"2015-04-13T18:47:33","modified_gmt":"2015-04-13T18:47:33","slug":"politicas-de-extension","status":"publish","type":"page","link":"https:\/\/contables.unp.edu.py\/?page_id=122","title":{"rendered":"Pol\u00edticas de Extensi\u00f3n"},"content":{"rendered":"<p style=\"text-align: justify;\">La responsabilidad social de la Facultad se gesta a partir de la relaci\u00f3n que genera en la comunidad el impacto del desarrollo de su objeto social. La cultura dota de sentido las realidades sociales, locales y regionales. Desde la extensi\u00f3n, la Facultad participa de la construcci\u00f3n de lo p\u00fablico y contribuye a la formulaci\u00f3n de pol\u00edticas culturales p\u00fablicas y al proceso de internacionalizaci\u00f3n. En este sentido la funci\u00f3n sustantiva de la extensi\u00f3n act\u00faa con un doble prop\u00f3sito: la extensi\u00f3n como proyecci\u00f3n social y la extensi\u00f3n como prestadora de servicios. El primer prop\u00f3sito es el papel que juega la Instituci\u00f3n para incursionar en la problem\u00e1tica social a trav\u00e9s de los aportes generados por el ejercicio docente y la gesti\u00f3n en el hallazgo de nuevos conocimientos. El segundo prop\u00f3sito propende, a trav\u00e9s de la educaci\u00f3n continuada y de la prestaci\u00f3n de los servicios que se derivan de la capacidad instalada, generar unos excedentes que le permitan a la Instituci\u00f3n, cofinanciar la prestaci\u00f3n del servicio estatal de la educaci\u00f3n.<br \/>\nLa extensi\u00f3n se configura como el campo fecundo para la construcci\u00f3n de la pertinencia social de la Facultad. Ella posibilita la articulaci\u00f3n de la docencia y la investigaci\u00f3n, y las proyecta como el v\u00ednculo de la Instituci\u00f3n en su integraci\u00f3n con el contexto social.<br \/>\nLa Facultad de Ciencias Contables, Administrativas y Econ\u00f3micas pretende cumplir esta funci\u00f3n como respuesta a las demandas sociales, con un marcado \u00e9nfasis en la funci\u00f3n social. Esta Unidad Acad\u00e9mica pretende realizar acciones orientadas a la difusi\u00f3n del conocimiento desde la perspectiva de la responsabilidad social de la Universidad, comprometida con el mejoramiento de las comunidades. El aporte a la soluci\u00f3n de los problemas sociales permitir\u00e1 medir la calidad acad\u00e9mica e investigativa de la Facultad con el compromiso social.<br \/>\nLa Facultad no se concibe desconectada o aislada del medio social donde act\u00faa y, menos, del mundo; por esa raz\u00f3n se proyecta hacia el entorno global, para identificar problemas o anticiparse a ellos, analizarlos y ofrecer soluciones adecuadas. La extensi\u00f3n es, en consecuencia, agente de cambio.<br \/>\nEl reconocimiento de esta casa de estudios como instituci\u00f3n socialmente pertinente depender\u00e1, en gran medida, de su capacidad para analizar cient\u00edficamente los problemas y para ofrecer soluciones espec\u00edficas y v\u00e1lidas en el contexto.<\/p>\n","protected":false},"excerpt":{"rendered":"<p>La responsabilidad social de la Facultad se gesta a partir de la relaci\u00f3n que genera en la comunidad el impacto [&hellip;]<\/p>\n","protected":false},"author":3,"featured_media":0,"parent":0,"menu_order":0,"comment_status":"open","ping_status":"open","template":"","meta":{"site-sidebar-layout":"default","site-content-layout":"","ast-site-content-layout":"default","site-content-style":"default","site-sidebar-style":"default","ast-global-header-display":"","ast-banner-title-visibility":"","ast-main-header-display":"","ast-hfb-above-header-display":"","ast-hfb-below-header-display":"","ast-hfb-mobile-header-display":"","site-post-title":"","ast-breadcrumbs-content":"","ast-featured-img":"","footer-sml-layout":"","ast-disable-related-posts":"","theme-transparent-header-meta":"","adv-header-id-meta":"","stick-header-meta":"","header-above-stick-meta":"","header-main-stick-meta":"","header-below-stick-meta":"","astra-migrate-meta-layouts":"default","ast-page-background-enabled":"default","ast-page-background-meta":{"desktop":{"background-color":"var(--ast-global-color-5)","background-image":"","background-repeat":"repeat","background-position":"center center","background-size":"auto","background-attachment":"scroll","background-type":"","background-media":"","overlay-type":"","overlay-color":"","overlay-opacity":"","overlay-gradient":""},"tablet":{"background-color":"","background-image":"","background-repeat":"repeat","background-position":"center center","background-size":"auto","background-attachment":"scroll","background-type":"","background-media":"","overlay-type":"","overlay-color":"","overlay-opacity":"","overlay-gradient":""},"mobile":{"background-color":"","background-image":"","background-repeat":"repeat","background-position":"center center","background-size":"auto","background-attachment":"scroll","background-type":"","background-media":"","overlay-type":"","overlay-color":"","overlay-opacity":"","overlay-gradient":""}},"ast-content-background-meta":{"desktop":{"background-color":"var(--ast-global-color-4)","background-image":"","background-repeat":"repeat","background-position":"center center","background-size":"auto","background-attachment":"scroll","background-type":"","background-media":"","overlay-type":"","overlay-color":"","overlay-opacity":"","overlay-gradient":""},"tablet":{"background-color":"var(--ast-global-color-4)","background-image":"","background-repeat":"repeat","background-position":"center center","background-size":"auto","background-attachment":"scroll","background-type":"","background-media":"","overlay-type":"","overlay-color":"","overlay-opacity":"","overlay-gradient":""},"mobile":{"background-color":"var(--ast-global-color-4)","background-image":"","background-repeat":"repeat","background-position":"center center","background-size":"auto","background-attachment":"scroll","background-type":"","background-media":"","overlay-type":"","overlay-color":"","overlay-opacity":"","overlay-gradient":""}},"footnotes":""},"class_list":["post-122","page","type-page","status-publish","hentry"],"_links":{"self":[{"href":"https:\/\/contables.unp.edu.py\/index.php?rest_route=\/wp\/v2\/pages\/122","targetHints":{"allow":["GET"]}}],"collection":[{"href":"https:\/\/contables.unp.edu.py\/index.php?rest_route=\/wp\/v2\/pages"}],"about":[{"href":"https:\/\/contables.unp.edu.py\/index.php?rest_route=\/wp\/v2\/types\/page"}],"author":[{"embeddable":true,"href":"https:\/\/contables.unp.edu.py\/index.php?rest_route=\/wp\/v2\/users\/3"}],"replies":[{"embeddable":true,"href":"https:\/\/contables.unp.edu.py\/index.php?rest_route=%2Fwp%2Fv2%2Fcomments&post=122"}],"version-history":[{"count":1,"href":"https:\/\/contables.unp.edu.py\/index.php?rest_route=\/wp\/v2\/pages\/122\/revisions"}],"predecessor-version":[{"id":123,"href":"https:\/\/contables.unp.edu.py\/index.php?rest_route=\/wp\/v2\/pages\/122\/revisions\/123"}],"wp:attachment":[{"href":"https:\/\/contables.unp.edu.py\/index.php?rest_route=%2Fwp%2Fv2%2Fmedia&parent=122"}],"curies":[{"name":"wp","href":"https:\/\/api.w.org\/{rel}","templated":true}]}}