{"id":13,"date":"2015-04-09T17:00:54","date_gmt":"2015-04-09T17:00:54","guid":{"rendered":"http:\/\/contables.unp.edu.py\/?page_id=13"},"modified":"2015-04-09T17:20:57","modified_gmt":"2015-04-09T17:20:57","slug":"resena-historica","status":"publish","type":"page","link":"https:\/\/contables.unp.edu.py\/?page_id=13","title":{"rendered":"Rese\u00f1a Hist\u00f3rica"},"content":{"rendered":"<p style=\"text-align: justify;\">A mediados del a\u00f1o 1992, se inician las gestiones y los estudios de factibilidad para que a trav\u00e9s de la <em>UNIVERSIDAD DE PILAR EN FORMACI\u00d3N<\/em> se habilite la Carrera de Contabilidad y Administraci\u00f3n Rural. Teniendo en cuenta los cambios en los \u00e1mbitos social, pol\u00edtico, econ\u00f3mico y la vigencia de la nueva <strong>Ley Tributaria N\u00b0 125\/9<\/strong>, la globalizaci\u00f3n de los mercados entre otros factores har\u00eda de esta Carrera una oportunidad para que los j\u00f3venes de la Regi\u00f3n tengan una formaci\u00f3n de excelencia y competitividad.<\/p>\n<p style=\"text-align: justify;\">Con la aprobaci\u00f3n por parte del Consejo de Coordinadores, m\u00e1xima autoridad en su momento de la Universidad de Pilar en Formaci\u00f3n, se contaba con el Plan Curricular de las <em><strong>Carreras Ciencias Contables y Ciencias Administrativas<\/strong><\/em>, cuya duraci\u00f3n ser\u00eda de 5 a\u00f1os.<\/p>\n<p style=\"text-align: justify;\">En principio, con los insumos y recursos humanos necesarios, la Carrera funcionaba<em><strong> a trav\u00e9s de Instituto de Ciencias de la Educaci\u00f3n como \u00c1rea de Contabilidad y Administraci\u00f3n Rural<\/strong><\/em>.<\/p>\n<p style=\"text-align: justify;\">En el a\u00f1o 1995, <em><strong>por Resoluci\u00f3n N\u00ba 80\/1995 se crearon las Facultades como Unidades Acad\u00e9micas<\/strong><\/em>, reemplazando a los Institutos, pas\u00e1ndose a denominar Facultad de Ciencias Contables, Administrativas y Econ\u00f3micas donde funcionan las Carreras de Ciencias Contables y Ciencias Administrativas.<\/p>\n<p style=\"text-align: justify;\">Se dio inicio a una nueva alternativa de formaci\u00f3n al conceder al t\u00e9rmino del tercer curso los t\u00edtulos intermedios, para la Carrera de Ciencias Contables: Asistente Contable y para la Carrera de Ciencias Administrativas: Asistente Administrativo. \u00c9stas Carreras han funcionado desde el a\u00f1o 1993 hasta el a\u00f1o 2000; dando paso a una actualizaci\u00f3n curricular y surgen las Carreras de Auditoria y Contadur\u00eda P\u00fablica\/ Ciencias Administrativas (2001-2013).<\/p>\n<p style=\"text-align: justify;\">En el a\u00f1o 2006 se habilita una Secci\u00f3n en la ciudad de Ayolas- Misiones y el siguiente a\u00f1o en la ciudad de San Juan Bautista- Misiones de esta manera contamos con tres secciones:<\/p>\n<ul style=\"text-align: justify;\">\n<li>Secci\u00f3n A- Pilar<\/li>\n<li>Secci\u00f3n B- Ayolas<\/li>\n<li>Secci\u00f3n C- San Juan Bautista<\/li>\n<\/ul>\n<p style=\"text-align: justify;\">Consientes de los cambios en esta alta casa de estudios, y con autoridades comprometidas con la calidad educativa, se inicia en el a\u00f1o 2008 el proceso de sensibilizaci\u00f3n en la Instituci\u00f3n, desarrollando el proyecto de autoevaluaci\u00f3n.<\/p>\n<p style=\"text-align: justify;\">A inicios del a\u00f1o 2009 los miembros del Equipo de Gesti\u00f3n Institucional se organizaron en equipos de trabajo, a fin de analizar las distintas dimensiones de la Instituci\u00f3n, siguiendo las directrices del Modelo de la <em>Agencia Nacional de Evaluaci\u00f3n y Acreditaci\u00f3n de la Educaci\u00f3n Superior<\/em> (ANEAES).<\/p>\n<p style=\"text-align: justify;\">Con los resultados del an\u00e1lisis FODA de las cinco dimensiones de la Instituci\u00f3n, se dio inicio al Plan de Mejora Acad\u00e9mica, tendiente al mejoramiento de la calidad educativa en el proceso de ense\u00f1anza \u2013 aprendizaje \u2013 evaluaci\u00f3n. Asimismo se ha realizado el an\u00e1lisis en las Secciones del Departamento de Misiones. Dentro de todo este proceso, se han consensuado y consolidado los resultados obtenidos con los miembros representantes de la comunidad educativa. El proceso de autoevaluaci\u00f3n institucional que se inicia en el mismo a\u00f1o; y junto al trabajo realizado por un equipo de profesionales id\u00f3neos, dio lugar a una propuesta de adecuaci\u00f3n curricular de la carrera Auditoria y Contadur\u00eda P\u00fablica y Administraci\u00f3n de Empresas, que se encuentra actualmente en proceso de desarrollo; permitiendo as\u00ed la consolidaci\u00f3n de una Facultad que, comprometida con los lineamientos y valores institucionales, se va adaptando a los cambios del entorno para responder de manera eficiente a las nuevas necesidades del mismo.<\/p>\n","protected":false},"excerpt":{"rendered":"<p>A mediados del a\u00f1o 1992, se inician las gestiones y los estudios de factibilidad para que a trav\u00e9s de la [&hellip;]<\/p>\n","protected":false},"author":3,"featured_media":0,"parent":0,"menu_order":0,"comment_status":"open","ping_status":"open","template":"","meta":{"site-sidebar-layout":"default","site-content-layout":"","ast-site-content-layout":"default","site-content-style":"default","site-sidebar-style":"default","ast-global-header-display":"","ast-banner-title-visibility":"","ast-main-header-display":"","ast-hfb-above-header-display":"","ast-hfb-below-header-display":"","ast-hfb-mobile-header-display":"","site-post-title":"","ast-breadcrumbs-content":"","ast-featured-img":"","footer-sml-layout":"","ast-disable-related-posts":"","theme-transparent-header-meta":"","adv-header-id-meta":"","stick-header-meta":"","header-above-stick-meta":"","header-main-stick-meta":"","header-below-stick-meta":"","astra-migrate-meta-layouts":"default","ast-page-background-enabled":"default","ast-page-background-meta":{"desktop":{"background-color":"var(--ast-global-color-5)","background-image":"","background-repeat":"repeat","background-position":"center center","background-size":"auto","background-attachment":"scroll","background-type":"","background-media":"","overlay-type":"","overlay-color":"","overlay-opacity":"","overlay-gradient":""},"tablet":{"background-color":"","background-image":"","background-repeat":"repeat","background-position":"center center","background-size":"auto","background-attachment":"scroll","background-type":"","background-media":"","overlay-type":"","overlay-color":"","overlay-opacity":"","overlay-gradient":""},"mobile":{"background-color":"","background-image":"","background-repeat":"repeat","background-position":"center center","background-size":"auto","background-attachment":"scroll","background-type":"","background-media":"","overlay-type":"","overlay-color":"","overlay-opacity":"","overlay-gradient":""}},"ast-content-background-meta":{"desktop":{"background-color":"var(--ast-global-color-4)","background-image":"","background-repeat":"repeat","background-position":"center center","background-size":"auto","background-attachment":"scroll","background-type":"","background-media":"","overlay-type":"","overlay-color":"","overlay-opacity":"","overlay-gradient":""},"tablet":{"background-color":"var(--ast-global-color-4)","background-image":"","background-repeat":"repeat","background-position":"center center","background-size":"auto","background-attachment":"scroll","background-type":"","background-media":"","overlay-type":"","overlay-color":"","overlay-opacity":"","overlay-gradient":""},"mobile":{"background-color":"var(--ast-global-color-4)","background-image":"","background-repeat":"repeat","background-position":"center center","background-size":"auto","background-attachment":"scroll","background-type":"","background-media":"","overlay-type":"","overlay-color":"","overlay-opacity":"","overlay-gradient":""}},"footnotes":""},"class_list":["post-13","page","type-page","status-publish","hentry"],"_links":{"self":[{"href":"https:\/\/contables.unp.edu.py\/index.php?rest_route=\/wp\/v2\/pages\/13","targetHints":{"allow":["GET"]}}],"collection":[{"href":"https:\/\/contables.unp.edu.py\/index.php?rest_route=\/wp\/v2\/pages"}],"about":[{"href":"https:\/\/contables.unp.edu.py\/index.php?rest_route=\/wp\/v2\/types\/page"}],"author":[{"embeddable":true,"href":"https:\/\/contables.unp.edu.py\/index.php?rest_route=\/wp\/v2\/users\/3"}],"replies":[{"embeddable":true,"href":"https:\/\/contables.unp.edu.py\/index.php?rest_route=%2Fwp%2Fv2%2Fcomments&post=13"}],"version-history":[{"count":3,"href":"https:\/\/contables.unp.edu.py\/index.php?rest_route=\/wp\/v2\/pages\/13\/revisions"}],"predecessor-version":[{"id":4631,"href":"https:\/\/contables.unp.edu.py\/index.php?rest_route=\/wp\/v2\/pages\/13\/revisions\/4631"}],"wp:attachment":[{"href":"https:\/\/contables.unp.edu.py\/index.php?rest_route=%2Fwp%2Fv2%2Fmedia&parent=13"}],"curies":[{"name":"wp","href":"https:\/\/api.w.org\/{rel}","templated":true}]}}