{"id":18,"date":"2015-04-09T17:01:54","date_gmt":"2015-04-09T17:01:54","guid":{"rendered":"http:\/\/contables.unp.edu.py\/?page_id=18"},"modified":"2016-11-02T19:04:31","modified_gmt":"2016-11-02T19:04:31","slug":"mision-vision-y-valores","status":"publish","type":"page","link":"https:\/\/contables.unp.edu.py\/?page_id=18","title":{"rendered":"Visi\u00f3n, Misi\u00f3n y Valores"},"content":{"rendered":"<h2 style=\"text-align: justify;\"><span style=\"color: #3a053f;\"><strong>Visi\u00f3n<\/strong><\/span><\/h2>\n<p style=\"text-align: justify;\"><b>\u00abInstituci\u00f3n de Educaci\u00f3n Superior P\u00fablica, inclusiva, participativa, innovadora, con\u00a0 compromiso social, l\u00edder en excelencia acad\u00e9mica, acordes a los est\u00e1ndares de calidad en las \u00e1reas de Contadur\u00eda P\u00fablica, Administraci\u00f3n de Empresas y Econom\u00eda, apoyando el desarrollo sustentable; con proyecci\u00f3n local, nacional e internacional\u201d. <\/b><\/p>\n<h2 style=\"text-align: justify;\"><span style=\"color: #3a053f;\"><strong>Misi\u00f3n<\/strong><\/span><\/h2>\n<p style=\"text-align: justify;\"><b>\u00abFormar personas proactivas, emprendedoras y cr\u00edticas; l\u00edderes en la generaci\u00f3n, discusi\u00f3n y construcci\u00f3n de los conocimientos en las Ciencias Contables, Administrativas y Econ\u00f3micas, en el marco de la \u00e9tica y la responsabilidad social; basados en los valores institucionales que permitan mejorar la calidad de vida de la sociedad y la preservaci\u00f3n del medio ambiente\u201d.<\/b><\/p>\n<h3 style=\"text-align: justify;\"><\/h3>\n<h2 style=\"text-align: justify;\"><span style=\"color: #3a053f;\"><strong>Valores<\/strong><\/span><\/h2>\n<ul>\n<li><b>Respeto a la dignidad de las personas<\/b><\/li>\n<li><b>\u00c9tica<\/b><\/li>\n<li><b>Responsabilidad<\/b><\/li>\n<li><b>Puntualidad<\/b><\/li>\n<li><b>Honestidad<\/b><\/li>\n<li><b>Libertad<\/b><\/li>\n<li><b>Patriotismo<\/b><\/li>\n<li><b>Democracia <\/b><\/li>\n<li><b>Actitud emprendedora<\/b><\/li>\n<li><b>Respeto al medio ambiente<\/b><\/li>\n<li><b>Solidaridad<\/b><\/li>\n<li><b>Sentido de pertenencia<\/b><\/li>\n<\/ul>\n<p>&nbsp;<\/p>\n","protected":false},"excerpt":{"rendered":"<p>Visi\u00f3n \u00abInstituci\u00f3n de Educaci\u00f3n Superior P\u00fablica, inclusiva, participativa, innovadora, con\u00a0 compromiso social, l\u00edder en excelencia acad\u00e9mica, acordes a los est\u00e1ndares [&hellip;]<\/p>\n","protected":false},"author":3,"featured_media":0,"parent":0,"menu_order":0,"comment_status":"open","ping_status":"open","template":"","meta":{"site-sidebar-layout":"default","site-content-layout":"","ast-site-content-layout":"default","site-content-style":"default","site-sidebar-style":"default","ast-global-header-display":"","ast-banner-title-visibility":"","ast-main-header-display":"","ast-hfb-above-header-display":"","ast-hfb-below-header-display":"","ast-hfb-mobile-header-display":"","site-post-title":"","ast-breadcrumbs-content":"","ast-featured-img":"","footer-sml-layout":"","ast-disable-related-posts":"","theme-transparent-header-meta":"","adv-header-id-meta":"","stick-header-meta":"","header-above-stick-meta":"","header-main-stick-meta":"","header-below-stick-meta":"","astra-migrate-meta-layouts":"default","ast-page-background-enabled":"default","ast-page-background-meta":{"desktop":{"background-color":"var(--ast-global-color-5)","background-image":"","background-repeat":"repeat","background-position":"center center","background-size":"auto","background-attachment":"scroll","background-type":"","background-media":"","overlay-type":"","overlay-color":"","overlay-opacity":"","overlay-gradient":""},"tablet":{"background-color":"","background-image":"","background-repeat":"repeat","background-position":"center center","background-size":"auto","background-attachment":"scroll","background-type":"","background-media":"","overlay-type":"","overlay-color":"","overlay-opacity":"","overlay-gradient":""},"mobile":{"background-color":"","background-image":"","background-repeat":"repeat","background-position":"center center","background-size":"auto","background-attachment":"scroll","background-type":"","background-media":"","overlay-type":"","overlay-color":"","overlay-opacity":"","overlay-gradient":""}},"ast-content-background-meta":{"desktop":{"background-color":"var(--ast-global-color-4)","background-image":"","background-repeat":"repeat","background-position":"center center","background-size":"auto","background-attachment":"scroll","background-type":"","background-media":"","overlay-type":"","overlay-color":"","overlay-opacity":"","overlay-gradient":""},"tablet":{"background-color":"var(--ast-global-color-4)","background-image":"","background-repeat":"repeat","background-position":"center center","background-size":"auto","background-attachment":"scroll","background-type":"","background-media":"","overlay-type":"","overlay-color":"","overlay-opacity":"","overlay-gradient":""},"mobile":{"background-color":"var(--ast-global-color-4)","background-image":"","background-repeat":"repeat","background-position":"center center","background-size":"auto","background-attachment":"scroll","background-type":"","background-media":"","overlay-type":"","overlay-color":"","overlay-opacity":"","overlay-gradient":""}},"footnotes":""},"class_list":["post-18","page","type-page","status-publish","hentry"],"_links":{"self":[{"href":"https:\/\/contables.unp.edu.py\/index.php?rest_route=\/wp\/v2\/pages\/18","targetHints":{"allow":["GET"]}}],"collection":[{"href":"https:\/\/contables.unp.edu.py\/index.php?rest_route=\/wp\/v2\/pages"}],"about":[{"href":"https:\/\/contables.unp.edu.py\/index.php?rest_route=\/wp\/v2\/types\/page"}],"author":[{"embeddable":true,"href":"https:\/\/contables.unp.edu.py\/index.php?rest_route=\/wp\/v2\/users\/3"}],"replies":[{"embeddable":true,"href":"https:\/\/contables.unp.edu.py\/index.php?rest_route=%2Fwp%2Fv2%2Fcomments&post=18"}],"version-history":[{"count":6,"href":"https:\/\/contables.unp.edu.py\/index.php?rest_route=\/wp\/v2\/pages\/18\/revisions"}],"predecessor-version":[{"id":861,"href":"https:\/\/contables.unp.edu.py\/index.php?rest_route=\/wp\/v2\/pages\/18\/revisions\/861"}],"wp:attachment":[{"href":"https:\/\/contables.unp.edu.py\/index.php?rest_route=%2Fwp%2Fv2%2Fmedia&parent=18"}],"curies":[{"name":"wp","href":"https:\/\/api.w.org\/{rel}","templated":true}]}}