{"id":4902,"date":"2022-11-17T15:12:59","date_gmt":"2022-11-17T15:12:59","guid":{"rendered":"http:\/\/contables.unp.edu.py\/?page_id=4902"},"modified":"2023-10-24T12:52:59","modified_gmt":"2023-10-24T12:52:59","slug":"seguimiento-a-egresados-de-la-fccaye","status":"publish","type":"page","link":"https:\/\/contables.unp.edu.py\/?page_id=4902","title":{"rendered":"SEGUIMIENTO A EGRESADOS"},"content":{"rendered":"\n<p class=\"has-text-color\" style=\"color:#0e0f0f\">Nuestro compromiso con la excelencia acad\u00e9mica va m\u00e1s all\u00e1 de la ense\u00f1anza en el aula. Creemos en el poder de medir y maximizar el impacto de nuestra facultad en la sociedad y, especialmente, en el \u00e9xito de nuestros egresados.<\/p>\n\n\n\n<p class=\"has-text-color\" style=\"color:#0e0f0f\">El Departamento de Resultado e Impacto es un pilar fundamental de nuestra facultad, dedicado a seguir de cerca la trayectoria de nuestros egresados y medir el impacto de su formaci\u00f3n en el mundo exterior. Nuestra misi\u00f3n es doble: por un lado, garantizar que nuestros egresados tengan un impacto positivo en la sociedad, y, por otro lado, crear un puente s\u00f3lido entre nuestra facultad y el mundo empresarial.<\/p>\n\n\n\n<p class=\"has-text-color\" style=\"color:#0e0f0f\">Nuestras responsabilidades abarcan desde el seguimiento activo de nuestros egresados y la medici\u00f3n de su \u00e9xito profesional, hasta la creaci\u00f3n de conexiones s\u00f3lidas con el medio externo para asegurar que nuestros egresados tengan oportunidades significativas en sus campos de estudio.<\/p>\n\n\n\n<p class=\"has-text-color\" style=\"color:#0e0f0f\">Este departamento tambi\u00e9n es un recurso vital para el desarrollo continuo de nuestros egresados, brind\u00e1ndoles apoyo en su crecimiento profesional y ofreci\u00e9ndoles oportunidades para mantenerse actualizados y relevantes en sus respectivos campos.<\/p>\n\n\n\n<p><span style=\"color:#0d0e0f\" class=\"has-inline-color\">Desde la Facultad de Ciencias Contables, Administrativas y Econ\u00f3micas nos abocamos a la tarea de dar seguimiento a los egresados de la instituci\u00f3n, para ello hemos habilitado un enlace mediante el cual se accede a un formulario de Google Forms para que Ud., como egresado de las carreras de la facultad, pueda aportar informaci\u00f3n que nos ayude a mejorar nuestros servicios.<\/span><\/p>\n\n\n\n<div class=\"wp-block-buttons is-layout-flex wp-block-buttons-is-layout-flex\">\n<div class=\"wp-block-button is-style-outline is-style-outline--1\"><a class=\"wp-block-button__link has-gridlove-bg-color has-text-color has-background\" href=\"https:\/\/docs.google.com\/forms\/d\/e\/1FAIpQLScSO3kxjbnSduKfcmcRM-vTsmbuPBj5oJzk1RChXu0WJ-J4gQ\/viewform\" style=\"border-radius:50px;background-color:#7a1fa1\" target=\"_blank\" rel=\"noreferrer noopener\">FORMULARIO DE seguimiento a egresados<\/a><\/div>\n<\/div>\n\n\n\n<h4 class=\"wp-block-heading\"><strong><span style=\"color:#0b0b0b\" class=\"has-inline-color\">Informaci\u00f3n de Inter\u00e9s<\/span><\/strong>:<\/h4>\n\n\n\n<p>Nuestras acciones est\u00e1n sustentadas en un documento orientador:<\/p>\n\n\n\n<div class=\"wp-block-buttons is-layout-flex wp-block-buttons-is-layout-flex\">\n<div class=\"wp-block-button is-style-fill\"><a class=\"wp-block-button__link has-background\" href=\"http:\/\/contables.unp.edu.py\/wp-content\/uploads\/2022\/11\/Res.-177-2020-Plan-de-seguimiento-a-Egresados.pdf\" style=\"border-radius:44px;background-color:#7b00a3\" target=\"_blank\" rel=\"noreferrer noopener\">pLAN DE SEGUIMIENTO A EGRESADOS<\/a><\/div>\n<\/div>\n","protected":false},"excerpt":{"rendered":"<p>Nuestro compromiso con la excelencia acad\u00e9mica va m\u00e1s all\u00e1 de la ense\u00f1anza en el aula. Creemos en el poder de [&hellip;]<\/p>\n","protected":false},"author":9,"featured_media":0,"parent":0,"menu_order":0,"comment_status":"closed","ping_status":"closed","template":"","meta":{"site-sidebar-layout":"default","site-content-layout":"","ast-site-content-layout":"default","site-content-style":"default","site-sidebar-style":"default","ast-global-header-display":"","ast-banner-title-visibility":"","ast-main-header-display":"","ast-hfb-above-header-display":"","ast-hfb-below-header-display":"","ast-hfb-mobile-header-display":"","site-post-title":"","ast-breadcrumbs-content":"","ast-featured-img":"","footer-sml-layout":"","ast-disable-related-posts":"","theme-transparent-header-meta":"","adv-header-id-meta":"","stick-header-meta":"","header-above-stick-meta":"","header-main-stick-meta":"","header-below-stick-meta":"","astra-migrate-meta-layouts":"default","ast-page-background-enabled":"default","ast-page-background-meta":{"desktop":{"background-color":"var(--ast-global-color-5)","background-image":"","background-repeat":"repeat","background-position":"center center","background-size":"auto","background-attachment":"scroll","background-type":"","background-media":"","overlay-type":"","overlay-color":"","overlay-opacity":"","overlay-gradient":""},"tablet":{"background-color":"","background-image":"","background-repeat":"repeat","background-position":"center center","background-size":"auto","background-attachment":"scroll","background-type":"","background-media":"","overlay-type":"","overlay-color":"","overlay-opacity":"","overlay-gradient":""},"mobile":{"background-color":"","background-image":"","background-repeat":"repeat","background-position":"center center","background-size":"auto","background-attachment":"scroll","background-type":"","background-media":"","overlay-type":"","overlay-color":"","overlay-opacity":"","overlay-gradient":""}},"ast-content-background-meta":{"desktop":{"background-color":"var(--ast-global-color-4)","background-image":"","background-repeat":"repeat","background-position":"center center","background-size":"auto","background-attachment":"scroll","background-type":"","background-media":"","overlay-type":"","overlay-color":"","overlay-opacity":"","overlay-gradient":""},"tablet":{"background-color":"var(--ast-global-color-4)","background-image":"","background-repeat":"repeat","background-position":"center center","background-size":"auto","background-attachment":"scroll","background-type":"","background-media":"","overlay-type":"","overlay-color":"","overlay-opacity":"","overlay-gradient":""},"mobile":{"background-color":"var(--ast-global-color-4)","background-image":"","background-repeat":"repeat","background-position":"center center","background-size":"auto","background-attachment":"scroll","background-type":"","background-media":"","overlay-type":"","overlay-color":"","overlay-opacity":"","overlay-gradient":""}},"footnotes":""},"class_list":["post-4902","page","type-page","status-publish","hentry"],"_links":{"self":[{"href":"https:\/\/contables.unp.edu.py\/index.php?rest_route=\/wp\/v2\/pages\/4902","targetHints":{"allow":["GET"]}}],"collection":[{"href":"https:\/\/contables.unp.edu.py\/index.php?rest_route=\/wp\/v2\/pages"}],"about":[{"href":"https:\/\/contables.unp.edu.py\/index.php?rest_route=\/wp\/v2\/types\/page"}],"author":[{"embeddable":true,"href":"https:\/\/contables.unp.edu.py\/index.php?rest_route=\/wp\/v2\/users\/9"}],"replies":[{"embeddable":true,"href":"https:\/\/contables.unp.edu.py\/index.php?rest_route=%2Fwp%2Fv2%2Fcomments&post=4902"}],"version-history":[{"count":9,"href":"https:\/\/contables.unp.edu.py\/index.php?rest_route=\/wp\/v2\/pages\/4902\/revisions"}],"predecessor-version":[{"id":5619,"href":"https:\/\/contables.unp.edu.py\/index.php?rest_route=\/wp\/v2\/pages\/4902\/revisions\/5619"}],"wp:attachment":[{"href":"https:\/\/contables.unp.edu.py\/index.php?rest_route=%2Fwp%2Fv2%2Fmedia&parent=4902"}],"curies":[{"name":"wp","href":"https:\/\/api.w.org\/{rel}","templated":true}]}}