{"id":4993,"date":"2022-11-22T21:42:04","date_gmt":"2022-11-22T21:42:04","guid":{"rendered":"http:\/\/contables.unp.edu.py\/?page_id=4993"},"modified":"2023-10-24T12:17:12","modified_gmt":"2023-10-24T12:17:12","slug":"postgrado","status":"publish","type":"page","link":"https:\/\/contables.unp.edu.py\/?page_id=4993","title":{"rendered":"POSTGRADO"},"content":{"rendered":"\n<p>En la Facultad de Ciencias Contables, Administrativas y Econ\u00f3micas de la UNP, estamos comprometidos con la excelencia acad\u00e9mica y con el desarrollo profesional de nuestros estudiantes. Es por eso que nos enorgullece presentar nuestros programas de postgrado.<\/p>\n\n\n\n<p>Sabemos que la educaci\u00f3n no se detiene con la obtenci\u00f3n de un t\u00edtulo de grado. En un mundo empresarial en constante cambio, la actualizaci\u00f3n constante de conocimientos y la adquisici\u00f3n de habilidades especializadas son esenciales para sobresalir en el campo de la contabilidad y la administraci\u00f3n. Nuestros programas de postgrado est\u00e1n dise\u00f1ados para ayudarte a dar ese paso adicional en tu carrera y alcanzar tus metas profesionales.<\/p>\n\n\n\n<p>En esta secci\u00f3n, encontrar\u00e1s informaci\u00f3n sobre nuestros programas, que abarcan diversas \u00e1reas de estudio dentro de las Ciencias Contables y Administrativas. Nuestros programas son impartidos por profesores altamente calificados y amplia experiencia profesional. Creemos en la importancia de la formaci\u00f3n continua y en la inversi\u00f3n en tu propio crecimiento profesional.<\/p>\n\n\n\n<p>Te invitamos a explorar esta secci\u00f3n y descubrir c\u00f3mo nuestros programas de postgrado. Estamos comprometidos en ayudarte a alcanzar el \u00e9xito que mereces.<\/p>\n\n\n\n<p><span style=\"color:#0c0d0d\" class=\"has-inline-color\"><strong>Directora:<\/strong> <em>MSc. Marlene Pineda de Villasboa<\/em><\/span><\/p>\n\n\n\n<div class=\"wp-block-buttons alignleft is-layout-flex wp-block-buttons-is-layout-flex\">\n<div class=\"wp-block-button is-style-fill\"><a class=\"wp-block-button__link has-background\" href=\"http:\/\/contables.unp.edu.py\/normativas-institucionales\/\" style=\"border-radius:13px;background-color:#5c0a7f\" target=\"_blank\" rel=\"noreferrer noopener\">reglamento de postgrado unp<\/a><\/div>\n<\/div>\n\n\n\n<hr class=\"wp-block-separator\"\/>\n\n\n\n<h2 class=\"has-text-align-center wp-block-heading\"><span style=\"color:#2a0351\" class=\"has-inline-color\">CURSOS Y PROGRAMAS DE POSTGRADO<\/span><\/h2>\n\n\n\n<h2 class=\"wp-block-heading\">Maestr\u00eda en Administraci\u00f3n de Empresas:<\/h2>\n\n\n\n<p>Nuestro Programa de Maestr\u00eda en Administraci\u00f3n de Empresas est\u00e1 dise\u00f1ado para profesionales que desean avanzar en sus carreras y adquirir habilidades de gesti\u00f3n s\u00f3lidas. Con un enfoque en la toma de decisiones estrat\u00e9gicas, liderazgo y la comprensi\u00f3n de los desaf\u00edos empresariales contempor\u00e1neos, este programa ofrece una educaci\u00f3n de alta calidad que impulsa el \u00e9xito profesional.<\/p>\n\n\n\n<h4 class=\"wp-block-heading\"><strong><em>Cohorte 2022:<\/em><\/strong><\/h4>\n\n\n\n<ul class=\"wp-block-list\"><li><em>Modalidad: Presencial;<\/em><\/li><li><em>D\u00edas de Clase: Viernes y S\u00e1bados;<\/em><\/li><li><em>Inversi\u00f3n:<\/em> <ul><li>Matr\u00edcula: Gs. 1.400.000.-<\/li><li>Cuotas: (24) Gs. 400.000.-<\/li><\/ul><\/li><\/ul>\n\n\n\n<figure class=\"wp-block-gallery columns-2 is-cropped wp-block-gallery-1 is-layout-flex wp-block-gallery-is-layout-flex\"><ul class=\"blocks-gallery-grid\"><li class=\"blocks-gallery-item\"><figure><a href=\"http:\/\/contables.unp.edu.py\/wp-content\/uploads\/2022\/05\/282096707_1891233831074237_6390837232132876523_n.png\"><img fetchpriority=\"high\" decoding=\"async\" width=\"1024\" height=\"1024\" src=\"http:\/\/contables.unp.edu.py\/wp-content\/uploads\/2022\/05\/282096707_1891233831074237_6390837232132876523_n-1024x1024.png\" alt=\"\" data-id=\"4410\" data-full-url=\"http:\/\/contables.unp.edu.py\/wp-content\/uploads\/2022\/05\/282096707_1891233831074237_6390837232132876523_n.png\" data-link=\"http:\/\/contables.unp.edu.py\/maestria-en-administracion-de-empresas-2\/282096707_1891233831074237_6390837232132876523_n\/\" class=\"wp-image-4410\" srcset=\"https:\/\/contables.unp.edu.py\/wp-content\/uploads\/2022\/05\/282096707_1891233831074237_6390837232132876523_n-1024x1024.png 1024w, https:\/\/contables.unp.edu.py\/wp-content\/uploads\/2022\/05\/282096707_1891233831074237_6390837232132876523_n-300x300.png 300w, https:\/\/contables.unp.edu.py\/wp-content\/uploads\/2022\/05\/282096707_1891233831074237_6390837232132876523_n-150x150.png 150w, https:\/\/contables.unp.edu.py\/wp-content\/uploads\/2022\/05\/282096707_1891233831074237_6390837232132876523_n-768x768.png 768w, https:\/\/contables.unp.edu.py\/wp-content\/uploads\/2022\/05\/282096707_1891233831074237_6390837232132876523_n-370x370.png 370w, https:\/\/contables.unp.edu.py\/wp-content\/uploads\/2022\/05\/282096707_1891233831074237_6390837232132876523_n-270x270.png 270w, https:\/\/contables.unp.edu.py\/wp-content\/uploads\/2022\/05\/282096707_1891233831074237_6390837232132876523_n-570x570.png 570w, https:\/\/contables.unp.edu.py\/wp-content\/uploads\/2022\/05\/282096707_1891233831074237_6390837232132876523_n-500x500.png 500w, https:\/\/contables.unp.edu.py\/wp-content\/uploads\/2022\/05\/282096707_1891233831074237_6390837232132876523_n-740x740.png 740w, https:\/\/contables.unp.edu.py\/wp-content\/uploads\/2022\/05\/282096707_1891233831074237_6390837232132876523_n.png 1080w\" sizes=\"(max-width: 1024px) 100vw, 1024px\" \/><\/a><\/figure><\/li><li class=\"blocks-gallery-item\"><figure><a href=\"http:\/\/contables.unp.edu.py\/wp-content\/uploads\/2022\/05\/281581937_1891233821074238_534108016739901740_n.png\"><img decoding=\"async\" width=\"1024\" height=\"1024\" src=\"http:\/\/contables.unp.edu.py\/wp-content\/uploads\/2022\/05\/281581937_1891233821074238_534108016739901740_n-1024x1024.png\" alt=\"\" data-id=\"4411\" data-full-url=\"http:\/\/contables.unp.edu.py\/wp-content\/uploads\/2022\/05\/281581937_1891233821074238_534108016739901740_n.png\" data-link=\"http:\/\/contables.unp.edu.py\/maestria-en-administracion-de-empresas-2\/281581937_1891233821074238_534108016739901740_n\/\" class=\"wp-image-4411\" srcset=\"https:\/\/contables.unp.edu.py\/wp-content\/uploads\/2022\/05\/281581937_1891233821074238_534108016739901740_n-1024x1024.png 1024w, https:\/\/contables.unp.edu.py\/wp-content\/uploads\/2022\/05\/281581937_1891233821074238_534108016739901740_n-300x300.png 300w, https:\/\/contables.unp.edu.py\/wp-content\/uploads\/2022\/05\/281581937_1891233821074238_534108016739901740_n-150x150.png 150w, https:\/\/contables.unp.edu.py\/wp-content\/uploads\/2022\/05\/281581937_1891233821074238_534108016739901740_n-768x768.png 768w, https:\/\/contables.unp.edu.py\/wp-content\/uploads\/2022\/05\/281581937_1891233821074238_534108016739901740_n-370x370.png 370w, https:\/\/contables.unp.edu.py\/wp-content\/uploads\/2022\/05\/281581937_1891233821074238_534108016739901740_n-270x270.png 270w, https:\/\/contables.unp.edu.py\/wp-content\/uploads\/2022\/05\/281581937_1891233821074238_534108016739901740_n-570x570.png 570w, https:\/\/contables.unp.edu.py\/wp-content\/uploads\/2022\/05\/281581937_1891233821074238_534108016739901740_n-500x500.png 500w, https:\/\/contables.unp.edu.py\/wp-content\/uploads\/2022\/05\/281581937_1891233821074238_534108016739901740_n-740x740.png 740w, https:\/\/contables.unp.edu.py\/wp-content\/uploads\/2022\/05\/281581937_1891233821074238_534108016739901740_n.png 1080w\" sizes=\"(max-width: 1024px) 100vw, 1024px\" \/><\/a><\/figure><\/li><\/ul><\/figure>\n\n\n\n<h2 class=\"wp-block-heading\">Especializaci\u00f3n en Docencia Universitaria:<\/h2>\n\n\n\n<p>Nuestro Programa est\u00e1 dise\u00f1ado para profesionales que desean destacar en la ense\u00f1anza a nivel universitario. Este programa proporciona las herramientas, habilidades y conocimientos necesarios para ser un educador efectivo y comprometido en un entorno acad\u00e9mico. Se encuentra en coherencia con las dem\u00e1s propuestas acad\u00e9micas en el \u00e1rea, impartidas por la UNP. <\/p>\n\n\n\n<ul class=\"wp-block-list\"><li><em><strong>Inversi\u00f3n: <\/strong><\/em><ul><li>Matr\u00edcula: <\/li><li>Cuotas: <\/li><\/ul><\/li><\/ul>\n\n\n\n<h4 class=\"wp-block-heading\"><strong><em>Cohorte 2022<\/em><\/strong><\/h4>\n\n\n\n<p>Modalidad: Presencial <\/p>\n\n\n\n<p>Horario de clases: Martes y Jueves, de 18:15 a 22:15 h<\/p>\n\n\n\n<h4 class=\"wp-block-heading\"><em>Cohorte 2023<\/em><\/h4>\n\n\n\n<p>Modalidad: Presencial<\/p>\n\n\n\n<p>Horario de Clases: Lunes y Mi\u00e9rcoles, de 18:15 a 22:15 h<\/p>\n\n\n\n<figure class=\"wp-block-image size-large\"><img decoding=\"async\" width=\"233\" height=\"300\" src=\"http:\/\/contables.unp.edu.py\/wp-content\/uploads\/2023\/03\/330613611_1442851019865587_3498539669758111120_n-233x300.jpg\" alt=\"\" class=\"wp-image-5330\" srcset=\"https:\/\/contables.unp.edu.py\/wp-content\/uploads\/2023\/03\/330613611_1442851019865587_3498539669758111120_n-233x300.jpg 233w, https:\/\/contables.unp.edu.py\/wp-content\/uploads\/2023\/03\/330613611_1442851019865587_3498539669758111120_n-370x476.jpg 370w, https:\/\/contables.unp.edu.py\/wp-content\/uploads\/2023\/03\/330613611_1442851019865587_3498539669758111120_n-270x347.jpg 270w, https:\/\/contables.unp.edu.py\/wp-content\/uploads\/2023\/03\/330613611_1442851019865587_3498539669758111120_n-570x733.jpg 570w, https:\/\/contables.unp.edu.py\/wp-content\/uploads\/2023\/03\/330613611_1442851019865587_3498539669758111120_n-389x500.jpg 389w, https:\/\/contables.unp.edu.py\/wp-content\/uploads\/2023\/03\/330613611_1442851019865587_3498539669758111120_n-740x951.jpg 740w, https:\/\/contables.unp.edu.py\/wp-content\/uploads\/2023\/03\/330613611_1442851019865587_3498539669758111120_n.jpg 747w\" sizes=\"(max-width: 233px) 100vw, 233px\" \/><\/figure>\n\n\n\n<h2 class=\"wp-block-heading\">Diplomado en Mercado de Capitales<\/h2>\n\n\n\n<p>Nuestro Diplomado en Mercado de Capitales es un programa especializado dise\u00f1ado para profesionales que desean adquirir un profundo conocimiento en los aspectos clave del mercado financiero y de capitales.<\/p>\n\n\n\n<ul class=\"wp-block-list\" id=\"block-a031208a-58a9-4543-90a2-b693352ad379\"><li><em><strong>Inversi\u00f3n:<\/strong><\/em><\/li><\/ul>\n\n\n\n<figure class=\"wp-block-gallery columns-1 is-cropped wp-block-gallery-2 is-layout-flex wp-block-gallery-is-layout-flex\"><ul class=\"blocks-gallery-grid\"><li class=\"blocks-gallery-item\"><figure><a href=\"http:\/\/contables.unp.edu.py\/wp-content\/uploads\/2023\/09\/contables.jpeg\"><img loading=\"lazy\" decoding=\"async\" width=\"214\" height=\"300\" src=\"http:\/\/contables.unp.edu.py\/wp-content\/uploads\/2023\/09\/contables-214x300.jpeg\" alt=\"\" data-id=\"5476\" data-full-url=\"http:\/\/contables.unp.edu.py\/wp-content\/uploads\/2023\/09\/contables.jpeg\" data-link=\"http:\/\/contables.unp.edu.py\/lanzamiento-del-diplomado-en-mercado-de-capitales\/contables-3\/\" class=\"wp-image-5476\" srcset=\"https:\/\/contables.unp.edu.py\/wp-content\/uploads\/2023\/09\/contables-214x300.jpeg 214w, https:\/\/contables.unp.edu.py\/wp-content\/uploads\/2023\/09\/contables-730x1024.jpeg 730w, https:\/\/contables.unp.edu.py\/wp-content\/uploads\/2023\/09\/contables-768x1077.jpeg 768w, https:\/\/contables.unp.edu.py\/wp-content\/uploads\/2023\/09\/contables-1095x1536.jpeg 1095w, https:\/\/contables.unp.edu.py\/wp-content\/uploads\/2023\/09\/contables-370x519.jpeg 370w, https:\/\/contables.unp.edu.py\/wp-content\/uploads\/2023\/09\/contables-270x379.jpeg 270w, https:\/\/contables.unp.edu.py\/wp-content\/uploads\/2023\/09\/contables-570x799.jpeg 570w, https:\/\/contables.unp.edu.py\/wp-content\/uploads\/2023\/09\/contables-357x500.jpeg 357w, https:\/\/contables.unp.edu.py\/wp-content\/uploads\/2023\/09\/contables-740x1038.jpeg 740w, https:\/\/contables.unp.edu.py\/wp-content\/uploads\/2023\/09\/contables.jpeg 1141w\" sizes=\"(max-width: 214px) 100vw, 214px\" \/><\/a><\/figure><\/li><\/ul><\/figure>\n\n\n\n<h4 class=\"wp-block-heading\"><span style=\"color:#2a0351\" class=\"has-inline-color\">Contactos<\/span><\/h4>\n\n\n\n<p class=\"has-text-color\" style=\"color:#010c11\">Email: fccaye.postgrado@gmail.com<\/p>\n\n\n\n<p class=\"has-text-color\" style=\"color:#010c11\">Tel\u00e9f.: +595975 111478<\/p>\n","protected":false},"excerpt":{"rendered":"<p>En la Facultad de Ciencias Contables, Administrativas y Econ\u00f3micas de la UNP, estamos comprometidos con la excelencia acad\u00e9mica y con [&hellip;]<\/p>\n","protected":false},"author":9,"featured_media":0,"parent":0,"menu_order":0,"comment_status":"open","ping_status":"closed","template":"","meta":{"site-sidebar-layout":"default","site-content-layout":"","ast-site-content-layout":"default","site-content-style":"default","site-sidebar-style":"default","ast-global-header-display":"","ast-banner-title-visibility":"","ast-main-header-display":"","ast-hfb-above-header-display":"","ast-hfb-below-header-display":"","ast-hfb-mobile-header-display":"","site-post-title":"","ast-breadcrumbs-content":"","ast-featured-img":"","footer-sml-layout":"","ast-disable-related-posts":"","theme-transparent-header-meta":"","adv-header-id-meta":"","stick-header-meta":"","header-above-stick-meta":"","header-main-stick-meta":"","header-below-stick-meta":"","astra-migrate-meta-layouts":"default","ast-page-background-enabled":"default","ast-page-background-meta":{"desktop":{"background-color":"var(--ast-global-color-5)","background-image":"","background-repeat":"repeat","background-position":"center center","background-size":"auto","background-attachment":"scroll","background-type":"","background-media":"","overlay-type":"","overlay-color":"","overlay-opacity":"","overlay-gradient":""},"tablet":{"background-color":"","background-image":"","background-repeat":"repeat","background-position":"center center","background-size":"auto","background-attachment":"scroll","background-type":"","background-media":"","overlay-type":"","overlay-color":"","overlay-opacity":"","overlay-gradient":""},"mobile":{"background-color":"","background-image":"","background-repeat":"repeat","background-position":"center center","background-size":"auto","background-attachment":"scroll","background-type":"","background-media":"","overlay-type":"","overlay-color":"","overlay-opacity":"","overlay-gradient":""}},"ast-content-background-meta":{"desktop":{"background-color":"var(--ast-global-color-4)","background-image":"","background-repeat":"repeat","background-position":"center center","background-size":"auto","background-attachment":"scroll","background-type":"","background-media":"","overlay-type":"","overlay-color":"","overlay-opacity":"","overlay-gradient":""},"tablet":{"background-color":"var(--ast-global-color-4)","background-image":"","background-repeat":"repeat","background-position":"center center","background-size":"auto","background-attachment":"scroll","background-type":"","background-media":"","overlay-type":"","overlay-color":"","overlay-opacity":"","overlay-gradient":""},"mobile":{"background-color":"var(--ast-global-color-4)","background-image":"","background-repeat":"repeat","background-position":"center center","background-size":"auto","background-attachment":"scroll","background-type":"","background-media":"","overlay-type":"","overlay-color":"","overlay-opacity":"","overlay-gradient":""}},"footnotes":""},"class_list":["post-4993","page","type-page","status-publish","hentry"],"_links":{"self":[{"href":"https:\/\/contables.unp.edu.py\/index.php?rest_route=\/wp\/v2\/pages\/4993","targetHints":{"allow":["GET"]}}],"collection":[{"href":"https:\/\/contables.unp.edu.py\/index.php?rest_route=\/wp\/v2\/pages"}],"about":[{"href":"https:\/\/contables.unp.edu.py\/index.php?rest_route=\/wp\/v2\/types\/page"}],"author":[{"embeddable":true,"href":"https:\/\/contables.unp.edu.py\/index.php?rest_route=\/wp\/v2\/users\/9"}],"replies":[{"embeddable":true,"href":"https:\/\/contables.unp.edu.py\/index.php?rest_route=%2Fwp%2Fv2%2Fcomments&post=4993"}],"version-history":[{"count":23,"href":"https:\/\/contables.unp.edu.py\/index.php?rest_route=\/wp\/v2\/pages\/4993\/revisions"}],"predecessor-version":[{"id":5613,"href":"https:\/\/contables.unp.edu.py\/index.php?rest_route=\/wp\/v2\/pages\/4993\/revisions\/5613"}],"wp:attachment":[{"href":"https:\/\/contables.unp.edu.py\/index.php?rest_route=%2Fwp%2Fv2%2Fmedia&parent=4993"}],"curies":[{"name":"wp","href":"https:\/\/api.w.org\/{rel}","templated":true}]}}