{"id":5029,"date":"2022-11-23T13:35:00","date_gmt":"2022-11-23T13:35:00","guid":{"rendered":"http:\/\/contables.unp.edu.py\/?page_id=5029"},"modified":"2023-01-24T11:55:42","modified_gmt":"2023-01-24T11:55:42","slug":"gratuidad-becas-y-exoneraciones","status":"publish","type":"page","link":"https:\/\/contables.unp.edu.py\/?page_id=5029","title":{"rendered":"Gratuidad, Becas y Exoneraciones"},"content":{"rendered":"\n<h2 class=\"wp-block-heading\"><strong><span style=\"color:#46066e\" class=\"has-inline-color\">GRATUIDAD<\/span><\/strong><\/h2>\n\n\n\n<p>Con la promulgaci\u00f3n de la <strong>LEY N\u00ba 6628\/2020<\/strong> &#8211; De Gratuidad de los Aranceles en Instituciones de Educaci\u00f3n Superior, <strong>se establece la gratuidad de los cursos de admisi\u00f3n y de grado en todas las Universidades P\u00fablicas del pa\u00eds<\/strong>, en el Instituto Superior de Bellas Artes, Instituto Nacional de Educaci\u00f3n Superior, Institutos de Formaci\u00f3n Docente, dependientes del Ministerio de Educaci\u00f3n y Ciencias y en el Instituto Nacional de Salud, para los egresados de la Educaci\u00f3n Media de instituciones educativas del sector oficial o instituciones educativas del sector subvencionado. La gratuidad, se extiende de igual manera, a quienes se encuentren en situaci\u00f3n de vulnerabilidad.<\/p>\n\n\n\n<p>Asimismo, el Decreto N\u00ba 4734\/2021, reglamenta la mencionada Ley y mediante Res. 111\/2021 del CSU, nuevamente es reglamentada su aplicaci\u00f3n en la UNP. <\/p>\n\n\n\n<div class=\"wp-block-buttons is-layout-flex wp-block-buttons-is-layout-flex\">\n<div class=\"wp-block-button is-style-outline is-style-outline--1\"><a class=\"wp-block-button__link\" href=\"http:\/\/contables.unp.edu.py\/wp-content\/uploads\/2022\/11\/archivos_9418_LEY-6628.pdf\" target=\"_blank\" rel=\"noreferrer noopener\">LEY N\u00ba 6628\/2020<\/a><\/div>\n<\/div>\n\n\n\n<div class=\"wp-block-buttons is-layout-flex wp-block-buttons-is-layout-flex\">\n<div class=\"wp-block-button is-style-outline is-style-outline--2\"><a class=\"wp-block-button__link\" href=\"http:\/\/contables.unp.edu.py\/wp-content\/uploads\/2022\/11\/archivos_9418_DECRETO-4734-LEY-6628.pdf\" target=\"_blank\" rel=\"noreferrer noopener\">decreto N\u00ba 4734\/2021<\/a><\/div>\n<\/div>\n\n\n\n<div class=\"wp-block-buttons is-layout-flex wp-block-buttons-is-layout-flex\">\n<div class=\"wp-block-button is-style-outline is-style-outline--3\"><a class=\"wp-block-button__link\" href=\"http:\/\/contables.unp.edu.py\/wp-content\/uploads\/2022\/11\/Res-No-111.pdf\" target=\"_blank\" rel=\"noreferrer noopener\">RES. 111\/2021 UNP<\/a><\/div>\n<\/div>\n\n\n\n<h2 class=\"has-text-align-center wp-block-heading\"><span style=\"color:#46066e\" class=\"has-inline-color\">Beneficiarios<\/span><\/h2>\n\n\n\n<ul class=\"wp-block-list\"><li><a href=\"http:\/\/contables.unp.edu.py\/wp-content\/uploads\/2022\/11\/Beneficiados-con-la-gratuidad.-Res.-209-2022.pdf\" target=\"_blank\" rel=\"noreferrer noopener\">Res. N\u00ba 209\/2022<\/a><\/li><li><a href=\"http:\/\/contables.unp.edu.py\/wp-content\/uploads\/2022\/11\/Beneficiario-de-la-gratui.2021-RES-176_2021.pdf\" data-type=\"URL\" data-id=\"http:\/\/contables.unp.edu.py\/wp-content\/uploads\/2022\/11\/Beneficiario-de-la-gratui.2021-RES-176_2021.pdf\" target=\"_blank\" rel=\"noreferrer noopener\">Res. N\u00ba 176\/2021<\/a><\/li><\/ul>\n\n\n\n<h2 class=\"wp-block-heading\"><span style=\"color:#46066e\" class=\"has-inline-color\">BECAS Y EXONERACIONES<\/span><\/h2>\n\n\n\n<p>En la facultad, la concesi\u00f3n de Becas y Exoneraciones se encuentra regulada por el Reglamento aprobado para el efecto, se encuentra integrado al Reglamento Interno de la instituci\u00f3n y establece los requisitos, procedimientos y condiciones para acceder a los beneficios. <\/p>\n\n\n\n<p>La gesti\u00f3n es realizada por intermedio de la Secretar\u00eda de Bienestar Estudiantil, en el caso de estudiantes de grado. <\/p>\n\n\n\n<div class=\"wp-block-buttons is-layout-flex wp-block-buttons-is-layout-flex\">\n<div class=\"wp-block-button is-style-outline is-style-outline--4\"><a class=\"wp-block-button__link\" href=\"http:\/\/contables.unp.edu.py\/wp-content\/uploads\/2022\/11\/Reglamento-de-Becas-Contables.pdf\" target=\"_blank\" rel=\"noreferrer noopener\">Reglamento de becas fccaye<\/a><\/div>\n<\/div>\n\n\n\n<div class=\"wp-block-buttons is-layout-flex wp-block-buttons-is-layout-flex\">\n<div class=\"wp-block-button is-style-outline is-style-outline--5\"><a class=\"wp-block-button__link\" href=\"http:\/\/contables.unp.edu.py\/wp-content\/uploads\/2022\/11\/Formato-de-Nota-de-Solicitud-de-Beca_exoneracion.docx\" target=\"_blank\" rel=\"noreferrer noopener\">formato de solicitud de becas\/exoneraciones<\/a><\/div>\n<\/div>\n","protected":false},"excerpt":{"rendered":"<p>GRATUIDAD Con la promulgaci\u00f3n de la LEY N\u00ba 6628\/2020 &#8211; De Gratuidad de los Aranceles en Instituciones de Educaci\u00f3n Superior, [&hellip;]<\/p>\n","protected":false},"author":9,"featured_media":0,"parent":0,"menu_order":0,"comment_status":"open","ping_status":"closed","template":"","meta":{"site-sidebar-layout":"default","site-content-layout":"","ast-site-content-layout":"default","site-content-style":"default","site-sidebar-style":"default","ast-global-header-display":"","ast-banner-title-visibility":"","ast-main-header-display":"","ast-hfb-above-header-display":"","ast-hfb-below-header-display":"","ast-hfb-mobile-header-display":"","site-post-title":"","ast-breadcrumbs-content":"","ast-featured-img":"","footer-sml-layout":"","ast-disable-related-posts":"","theme-transparent-header-meta":"","adv-header-id-meta":"","stick-header-meta":"","header-above-stick-meta":"","header-main-stick-meta":"","header-below-stick-meta":"","astra-migrate-meta-layouts":"default","ast-page-background-enabled":"default","ast-page-background-meta":{"desktop":{"background-color":"var(--ast-global-color-5)","background-image":"","background-repeat":"repeat","background-position":"center center","background-size":"auto","background-attachment":"scroll","background-type":"","background-media":"","overlay-type":"","overlay-color":"","overlay-opacity":"","overlay-gradient":""},"tablet":{"background-color":"","background-image":"","background-repeat":"repeat","background-position":"center center","background-size":"auto","background-attachment":"scroll","background-type":"","background-media":"","overlay-type":"","overlay-color":"","overlay-opacity":"","overlay-gradient":""},"mobile":{"background-color":"","background-image":"","background-repeat":"repeat","background-position":"center center","background-size":"auto","background-attachment":"scroll","background-type":"","background-media":"","overlay-type":"","overlay-color":"","overlay-opacity":"","overlay-gradient":""}},"ast-content-background-meta":{"desktop":{"background-color":"var(--ast-global-color-4)","background-image":"","background-repeat":"repeat","background-position":"center center","background-size":"auto","background-attachment":"scroll","background-type":"","background-media":"","overlay-type":"","overlay-color":"","overlay-opacity":"","overlay-gradient":""},"tablet":{"background-color":"var(--ast-global-color-4)","background-image":"","background-repeat":"repeat","background-position":"center center","background-size":"auto","background-attachment":"scroll","background-type":"","background-media":"","overlay-type":"","overlay-color":"","overlay-opacity":"","overlay-gradient":""},"mobile":{"background-color":"var(--ast-global-color-4)","background-image":"","background-repeat":"repeat","background-position":"center center","background-size":"auto","background-attachment":"scroll","background-type":"","background-media":"","overlay-type":"","overlay-color":"","overlay-opacity":"","overlay-gradient":""}},"footnotes":""},"class_list":["post-5029","page","type-page","status-publish","hentry"],"_links":{"self":[{"href":"https:\/\/contables.unp.edu.py\/index.php?rest_route=\/wp\/v2\/pages\/5029","targetHints":{"allow":["GET"]}}],"collection":[{"href":"https:\/\/contables.unp.edu.py\/index.php?rest_route=\/wp\/v2\/pages"}],"about":[{"href":"https:\/\/contables.unp.edu.py\/index.php?rest_route=\/wp\/v2\/types\/page"}],"author":[{"embeddable":true,"href":"https:\/\/contables.unp.edu.py\/index.php?rest_route=\/wp\/v2\/users\/9"}],"replies":[{"embeddable":true,"href":"https:\/\/contables.unp.edu.py\/index.php?rest_route=%2Fwp%2Fv2%2Fcomments&post=5029"}],"version-history":[{"count":3,"href":"https:\/\/contables.unp.edu.py\/index.php?rest_route=\/wp\/v2\/pages\/5029\/revisions"}],"predecessor-version":[{"id":5044,"href":"https:\/\/contables.unp.edu.py\/index.php?rest_route=\/wp\/v2\/pages\/5029\/revisions\/5044"}],"wp:attachment":[{"href":"https:\/\/contables.unp.edu.py\/index.php?rest_route=%2Fwp%2Fv2%2Fmedia&parent=5029"}],"curies":[{"name":"wp","href":"https:\/\/api.w.org\/{rel}","templated":true}]}}