{"id":5576,"date":"2023-10-23T22:19:37","date_gmt":"2023-10-23T22:19:37","guid":{"rendered":"http:\/\/contables.unp.edu.py\/?page_id=5576"},"modified":"2023-10-25T12:51:08","modified_gmt":"2023-10-25T12:51:08","slug":"bienvenidos-a-la-base-de-datos-de-egresados-de-la-fcya-unp","status":"publish","type":"page","link":"https:\/\/contables.unp.edu.py\/?page_id=5576","title":{"rendered":"BASE DE DATOS DE EGRESADOS DE LA FCCAyE UNP"},"content":{"rendered":"\n<p>Bienvenidos a la BASE DE DATOS DE EGRESADOS de la FCCAyE de la UNP. <\/p>\n\n\n\n<p>En un mundo laboral en constante evoluci\u00f3n, la b\u00fasqueda de talento especializado se ha convertido en un desaf\u00edo crucial para las empresas y organizaciones de todos los tama\u00f1os. En este contexto, nos complace presentar la Base de Datos de Egresados de la Facultad de Ciencias Contables, Administrativas y Econ\u00f3micas de la Universidad Nacional de Pilar (UNP).<\/p>\n\n\n\n<p>Nuestro prop\u00f3sito es proporcionar a los empleadores una base de datos s\u00f3lida y confiable para encontrar a profesionales calificados y preparados en las \u00e1reas de Contadur\u00eda P\u00fablica Nacional y Administraci\u00f3n de Empresas.<\/p>\n\n\n\n<p>Adem\u00e1s, ofrecemos a los empleadores la oportunidad de publicar sus ofertas de empleo, facilitando as\u00ed el proceso de contrataci\u00f3n y permitiendo a nuestros egresados acceder a nuevas y emocionantes oportunidades en el mundo laboral.<\/p>\n\n\n\n<p>En la FCCAyE, creemos en la importancia de la educaci\u00f3n de calidad y en el potencial de nuestros egresados para marcar la diferencia en el campo de la contabilidad y la administraci\u00f3n. Esta base de datos es un testimonio de nuestro compromiso continuo con la excelencia acad\u00e9mica y con el \u00e9xito de nuestros egresados.<\/p>\n\n\n\n<p>Le damos la bienvenida a explorar esta plataforma y esperamos que encuentre a los profesionales que mejor se adapten a las necesidades de su organizaci\u00f3n. Estamos seguros de que su inversi\u00f3n en talento de la instituci\u00f3n ser\u00e1 una decisi\u00f3n acertada.<\/p>\n\n\n\n<p>Gracias por confiar en nosotros. Juntos, construimos el futuro.<\/p>\n\n\n\n<p><\/p>\n\n\n\n<p><\/p>\n\n\n\n<p><strong><em>Correo electr\u00f3nico para solicitar publicaciones de ofertas de empleo<\/em><\/strong>: fccaye.1@gmail.com<\/p>\n\n\n\n<h2 class=\"wp-block-heading\"><strong>Base de datos<\/strong><\/h2>\n\n\n\n<figure class=\"wp-block-table\"><table><tbody><tr><td><strong>Egresados 2017 &#8211; 2021<\/strong><\/td><td class=\"has-text-align-right\" data-align=\"right\"><a href=\"http:\/\/contables.unp.edu.py\/wp-content\/uploads\/2023\/10\/Egresados-2017-al-2021-ambas-carreras.pdf\" data-type=\"URL\" data-id=\"http:\/\/contables.unp.edu.py\/wp-content\/uploads\/2023\/10\/Egresados-2017-al-2021-ambas-carreras.pdf\" target=\"_blank\" rel=\"noreferrer noopener\">DESPLEGAR<\/a><\/td><\/tr><tr><td><strong>Egresados 2022<\/strong><\/td><td class=\"has-text-align-right\" data-align=\"right\"><a href=\"http:\/\/contables.unp.edu.py\/wp-content\/uploads\/2023\/10\/Egresados-2022-ambas-carreras.pdf\" data-type=\"URL\" data-id=\"http:\/\/contables.unp.edu.py\/wp-content\/uploads\/2023\/10\/Egresados-2022-ambas-carreras.pdf\" target=\"_blank\" rel=\"noreferrer noopener\">DESPLEGAR<\/a><\/td><\/tr><\/tbody><\/table><\/figure>\n","protected":false},"excerpt":{"rendered":"<p>Bienvenidos a la BASE DE DATOS DE EGRESADOS de la FCCAyE de la UNP. En un mundo laboral en constante [&hellip;]<\/p>\n","protected":false},"author":9,"featured_media":0,"parent":0,"menu_order":0,"comment_status":"open","ping_status":"closed","template":"","meta":{"site-sidebar-layout":"default","site-content-layout":"","ast-site-content-layout":"default","site-content-style":"default","site-sidebar-style":"default","ast-global-header-display":"","ast-banner-title-visibility":"","ast-main-header-display":"","ast-hfb-above-header-display":"","ast-hfb-below-header-display":"","ast-hfb-mobile-header-display":"","site-post-title":"","ast-breadcrumbs-content":"","ast-featured-img":"","footer-sml-layout":"","ast-disable-related-posts":"","theme-transparent-header-meta":"","adv-header-id-meta":"","stick-header-meta":"","header-above-stick-meta":"","header-main-stick-meta":"","header-below-stick-meta":"","astra-migrate-meta-layouts":"default","ast-page-background-enabled":"default","ast-page-background-meta":{"desktop":{"background-color":"var(--ast-global-color-5)","background-image":"","background-repeat":"repeat","background-position":"center center","background-size":"auto","background-attachment":"scroll","background-type":"","background-media":"","overlay-type":"","overlay-color":"","overlay-opacity":"","overlay-gradient":""},"tablet":{"background-color":"","background-image":"","background-repeat":"repeat","background-position":"center center","background-size":"auto","background-attachment":"scroll","background-type":"","background-media":"","overlay-type":"","overlay-color":"","overlay-opacity":"","overlay-gradient":""},"mobile":{"background-color":"","background-image":"","background-repeat":"repeat","background-position":"center center","background-size":"auto","background-attachment":"scroll","background-type":"","background-media":"","overlay-type":"","overlay-color":"","overlay-opacity":"","overlay-gradient":""}},"ast-content-background-meta":{"desktop":{"background-color":"var(--ast-global-color-4)","background-image":"","background-repeat":"repeat","background-position":"center center","background-size":"auto","background-attachment":"scroll","background-type":"","background-media":"","overlay-type":"","overlay-color":"","overlay-opacity":"","overlay-gradient":""},"tablet":{"background-color":"var(--ast-global-color-4)","background-image":"","background-repeat":"repeat","background-position":"center center","background-size":"auto","background-attachment":"scroll","background-type":"","background-media":"","overlay-type":"","overlay-color":"","overlay-opacity":"","overlay-gradient":""},"mobile":{"background-color":"var(--ast-global-color-4)","background-image":"","background-repeat":"repeat","background-position":"center center","background-size":"auto","background-attachment":"scroll","background-type":"","background-media":"","overlay-type":"","overlay-color":"","overlay-opacity":"","overlay-gradient":""}},"footnotes":""},"class_list":["post-5576","page","type-page","status-publish","hentry"],"_links":{"self":[{"href":"https:\/\/contables.unp.edu.py\/index.php?rest_route=\/wp\/v2\/pages\/5576","targetHints":{"allow":["GET"]}}],"collection":[{"href":"https:\/\/contables.unp.edu.py\/index.php?rest_route=\/wp\/v2\/pages"}],"about":[{"href":"https:\/\/contables.unp.edu.py\/index.php?rest_route=\/wp\/v2\/types\/page"}],"author":[{"embeddable":true,"href":"https:\/\/contables.unp.edu.py\/index.php?rest_route=\/wp\/v2\/users\/9"}],"replies":[{"embeddable":true,"href":"https:\/\/contables.unp.edu.py\/index.php?rest_route=%2Fwp%2Fv2%2Fcomments&post=5576"}],"version-history":[{"count":7,"href":"https:\/\/contables.unp.edu.py\/index.php?rest_route=\/wp\/v2\/pages\/5576\/revisions"}],"predecessor-version":[{"id":5593,"href":"https:\/\/contables.unp.edu.py\/index.php?rest_route=\/wp\/v2\/pages\/5576\/revisions\/5593"}],"wp:attachment":[{"href":"https:\/\/contables.unp.edu.py\/index.php?rest_route=%2Fwp%2Fv2%2Fmedia&parent=5576"}],"curies":[{"name":"wp","href":"https:\/\/api.w.org\/{rel}","templated":true}]}}