{"id":5894,"date":"2024-04-10T13:09:25","date_gmt":"2024-04-10T13:09:25","guid":{"rendered":"http:\/\/contables.unp.edu.py\/?page_id=5894"},"modified":"2026-04-27T09:07:51","modified_gmt":"2026-04-27T13:07:51","slug":"transparencia-institucional","status":"publish","type":"page","link":"https:\/\/contables.unp.edu.py\/?page_id=5894","title":{"rendered":"Informaci\u00f3n P\u00fablica (Ley N\u00b0 5.189\/14 &#8211; Ley N\u00b0 5.282\/14)"},"content":{"rendered":"\n<h3 class=\"wp-block-heading\"><span style=\"color:#010a0f\" class=\"has-inline-color\">Cumplimiento de la <strong>Ley N\u00b0 5189\/2014 <\/strong>\u201c<strong>Que establece la obligatoriedad de la provisi\u00f3n de informaciones en el uso de los recursos p\u00fablicos sobre remuneraciones y otras retribuciones asignadas al servidor p\u00fablico de la Rep\u00fablica del Paraguay\u201d<\/strong><\/span><\/h3>\n\n\n\n<h4 class=\"wp-block-heading\"><\/h4>\n\n\n\n<h4 class=\"wp-block-heading\"><span style=\"color:#000608\" class=\"has-inline-color\">Art\u00edculo 3\u00b0<\/span><\/h4>\n\n\n\n<p class=\"has-text-color\" style=\"color:#01090d\">a) Estructura org\u00e1nica y funciones de cada una de las dependencias;<\/p>\n\n\n\n<ul class=\"wp-block-list\">\n<li><a href=\"https:\/\/contables.unp.edu.py\/wp-content\/uploads\/2025\/04\/Res.-268-NUEVO-ORGANIRAMA-DE-LA-FACULTAD-DE-CIENCIAS-CONTABLES-ADMINISTRITAS-Y-ECONOMICAS-1.pdf\" data-type=\"link\" data-id=\"https:\/\/contables.unp.edu.py\/wp-content\/uploads\/2025\/04\/Res.-268-NUEVO-ORGANIRAMA-DE-LA-FACULTAD-DE-CIENCIAS-CONTABLES-ADMINISTRITAS-Y-ECONOMICAS-1.pdf\">Organigrama Institucional <\/a><\/li>\n<\/ul>\n\n\n\n<ul class=\"wp-block-list\">\n<li><a href=\"https:\/\/contables.unp.edu.py\/wp-content\/uploads\/2016\/06\/Manual-de-Funciones.pdf\" data-type=\"link\" data-id=\"https:\/\/contables.unp.edu.py\/wp-content\/uploads\/2016\/06\/Manual-de-Funciones.pdf\">Manual de Funciones<\/a><\/li>\n<\/ul>\n\n\n\n<p class=\"has-text-color\" style=\"color:#01090d\">b) Direcci\u00f3n y tel\u00e9fono de la entidad y de todas las dependencias que la conformen;<\/p>\n\n\n\n<p><a href=\"https:\/\/drive.google.com\/file\/d\/1ChX2N-SXOaRiyKNfNbeCCqWKBT5bZYeO\/view?usp=drive_link\" data-type=\"link\" data-id=\"https:\/\/drive.google.com\/file\/d\/1ChX2N-SXOaRiyKNfNbeCCqWKBT5bZYeO\/view?usp=drive_link\">ir a documento<\/a><\/p>\n\n\n\n<p class=\"has-text-color\" style=\"color:#01090d\">c) N\u00f3mina completa de los funcionarios permanentes, contratados y de elecci\u00f3n popular;<\/p>\n\n\n\n<p class=\"has-ast-global-color-3-color has-text-color has-link-color wp-elements-24a5ef039aae97744e987539220c8c0f\"><em>La n\u00f3mina completa de los funcionarios de la instituci\u00f3n, con todas las informaciones pertinentes, se encuentra disponible en la secci\u00f3n <strong>Informes Mensuales<\/strong>, accesible a trav\u00e9s del siguiente enlace, donde se publican los informes mensuales de salarios y dem\u00e1s datos relacionados:<\/em><\/p>\n\n\n\n<p><a href=\"https:\/\/contables.unp.edu.py\/?page_id=310\" data-type=\"link\" data-id=\"https:\/\/contables.unp.edu.py\/?page_id=310\">ir a documento<\/a><\/p>\n\n\n\n<p class=\"has-text-color\" style=\"color:#01090d\">d) Presupuesto de ingresos, gastos asignados y anexo de personal para cada ejercicio fiscal con su ejecuci\u00f3n mensual; <\/p>\n\n\n\n<p class=\"has-ast-global-color-3-color has-text-color has-link-color wp-elements-c95e2bebf89da708ddf02a906a85a509\"><em>Esta informaci\u00f3n se encuentra integrada en la p\u00e1gina web de la Universidad Nacional de Pilar, accesible a trav\u00e9s del siguiente enlace:<\/em><\/p>\n\n\n\n<p><a href=\"https:\/\/unp.edu.py\/ley-51892014-por-ano\/\" data-type=\"link\" data-id=\"https:\/\/unp.edu.py\/ley-51892014-por-ano\/\">ir a documento<\/a><\/p>\n\n\n\n<p class=\"has-text-color\" style=\"color:#01090d\">e) Detalles de viajes nacionales e internacionales, que sean financiados con fondos p\u00fablicos;<\/p>\n\n\n\n<p class=\"has-ast-global-color-3-color has-text-color has-link-color wp-elements-0305ac849a36a1a1df8b86f2fdd323b5\"><em>Los detalles de los viajes nacionales e internacionales financiados con fondos p\u00fablicos se encuentran disponibles en los informes mensuales correspondientes al rubro 232 \u2013 Vi\u00e1ticos y Movilidad, accesibles a trav\u00e9s del siguiente enlace:<\/em><\/p>\n\n\n\n<p><a href=\"https:\/\/contables.unp.edu.py\/?page_id=310\" data-type=\"link\" data-id=\"https:\/\/contables.unp.edu.py\/?page_id=310\">ir a documento<\/a><\/p>\n\n\n\n<p class=\"has-text-color\" style=\"color:#01090d\">f) Inventario de bienes muebles, inmuebles y veh\u00edculos con que cuentan cada una de las instituciones;<\/p>\n\n\n\n<p><a href=\"https:\/\/drive.google.com\/file\/d\/1W4WOANNUatS6F2O13M3vsh8bGvTOmnZp\/view?usp=drive_link\" data-type=\"link\" data-id=\"https:\/\/drive.google.com\/file\/d\/1W4WOANNUatS6F2O13M3vsh8bGvTOmnZp\/view?usp=drive_link\">ir a documento<\/a><\/p>\n\n\n\n<p class=\"has-text-color\" style=\"color:#01090d\">g) Listado completo de funcionarios comisionados a prestar servicios en otras instituciones;&nbsp;<\/p>\n\n\n\n<p><a href=\"https:\/\/contables.unp.edu.py\/wp-content\/uploads\/2026\/01\/Comisionados-a-otros-OEE.pdf\">ir a documento<\/a><\/p>\n\n\n\n<p class=\"has-text-color\" style=\"color:#01090d\">h) Listado completo de funcionarios comisionados de otras instituciones;<\/p>\n\n\n\n<p>ir a documento<\/p>\n\n\n\n<p class=\"has-text-color\" style=\"color:#01090d\">i) Cualquier otra informaci\u00f3n que la entidad considere necesaria para dar a conocer el cumplimiento de su misi\u00f3n y objetivos institucionales.<\/p>\n\n\n\n<ul class=\"wp-block-list\">\n<li class=\"has-ast-global-color-3-color has-text-color has-link-color wp-elements-43c574b5add8c074f722feda7dde6170\"><em>El <strong>Balance Anual de Gesti\u00f3n P\u00fablica (BAGP)<\/strong> de la FCCAE se encuentra disponible en el siguiente enlace<\/em>:<\/li>\n<\/ul>\n\n\n\n<div class=\"wp-block-buttons is-content-justification-left is-layout-flex wp-container-core-buttons-is-layout-fc4fd283 wp-block-buttons-is-layout-flex\" id=\"https:\/\/contables.unp.edu.py\/wp-content\/uploads\/2026\/01\/28-03-UNP-BAGP-2025-FCCAE.pdf\">\n<div class=\"wp-block-button is-style-fill\"><a class=\"wp-block-button__link wp-element-button\" href=\"https:\/\/contables.unp.edu.py\/wp-content\/uploads\/2026\/04\/28-03-UNP-Formato-BAGP-2023-FCCAE.pdf\">BAGP 2023<\/a><\/div>\n<\/div>\n\n\n\n<div style=\"height:9px\" aria-hidden=\"true\" class=\"wp-block-spacer\"><\/div>\n\n\n\n<div class=\"wp-block-buttons is-content-justification-left is-layout-flex wp-container-core-buttons-is-layout-fc4fd283 wp-block-buttons-is-layout-flex\" id=\"https:\/\/contables.unp.edu.py\/wp-content\/uploads\/2026\/01\/28-03-UNP-BAGP-2025-FCCAE.pdf\">\n<div class=\"wp-block-button is-style-fill\"><a class=\"wp-block-button__link wp-element-button\" href=\"https:\/\/contables.unp.edu.py\/wp-content\/uploads\/2026\/04\/28-03-UNP-Formato-BAGP-2024-FCCAE.pdf\">BAGP 2024<\/a><\/div>\n<\/div>\n\n\n\n<div style=\"height:11px\" aria-hidden=\"true\" class=\"wp-block-spacer\"><\/div>\n\n\n\n<div class=\"wp-block-buttons is-content-justification-left is-layout-flex wp-container-core-buttons-is-layout-fc4fd283 wp-block-buttons-is-layout-flex\" id=\"https:\/\/contables.unp.edu.py\/wp-content\/uploads\/2026\/01\/28-03-UNP-BAGP-2025-FCCAE.pdf\">\n<div class=\"wp-block-button is-style-fill\"><a class=\"wp-block-button__link wp-element-button\" href=\"https:\/\/contables.unp.edu.py\/wp-content\/uploads\/2026\/01\/28-03-UNP-BAGP-2025-FCCAE.pdf\">BAGP 2025<\/a><\/div>\n<\/div>\n\n\n\n<div style=\"height:18px\" aria-hidden=\"true\" class=\"wp-block-spacer\"><\/div>\n\n\n\n<h3 class=\"wp-block-heading\"><span style=\"color:#010a0f\" class=\"has-inline-color\">Cumplimiento de la <strong>Ley N\u00b0 5.282<\/strong><\/span> \u00ab<span style=\"color:#010a0f\" class=\"has-inline-color\"><strong>De libre acceso ciudadano a la informaci\u00f3n p\u00fablica y transparencia gubernamental\u00bb <\/strong><\/span><\/h3>\n\n\n\n<h2 class=\"wp-block-heading\"><\/h2>\n\n\n\n<h4 class=\"wp-block-heading\"><span style=\"color:#010b10\" class=\"has-inline-color\"><strong>Art\u00edculo 8\u00b0<\/strong>&nbsp;<\/span><\/h4>\n\n\n\n<p class=\"has-text-color\" style=\"color:#01090d\">a) Estructura org\u00e1nica;<\/p>\n\n\n\n<p><a href=\"https:\/\/contables.unp.edu.py\/?page_id=41\" data-type=\"link\" data-id=\"https:\/\/contables.unp.edu.py\/?page_id=41\">ir a documento<\/a><\/p>\n\n\n\n<p class=\"has-text-color\" style=\"color:#01090d\">b) Las facultades, deberes, funciones y\/o atribuciones de sus \u00f3rganos y dependencias internas;<\/p>\n\n\n\n<p>ir a documento<\/p>\n\n\n\n<ul class=\"wp-block-list\">\n<li><a href=\"https:\/\/unp.edu.py\/wp-content\/uploads\/2024\/09\/Estatuto-UNP-2024-FINAL.pdf\" data-type=\"link\" data-id=\"https:\/\/unp.edu.py\/wp-content\/uploads\/2024\/09\/Estatuto-UNP-2024-FINAL.pdf\">Estatuto UNP<\/a><\/li>\n\n\n\n<li><a href=\"http:\/\/contables.unp.edu.py\/wp-content\/uploads\/2016\/12\/Reglamento-interno2016.pdf\" data-type=\"link\" data-id=\"http:\/\/contables.unp.edu.py\/wp-content\/uploads\/2016\/12\/Reglamento-interno2016.pdf\">Reglamento Interno FCCAE<\/a><\/li>\n\n\n\n<li><a href=\"https:\/\/contables.unp.edu.py\/?page_id=41\" data-type=\"link\" data-id=\"https:\/\/contables.unp.edu.py\/?page_id=41\">Manual de Funciones<\/a><\/li>\n<\/ul>\n\n\n\n<p class=\"has-text-color\" style=\"color:#01090d\">c) Marco normativo;<\/p>\n\n\n\n<p><a href=\"https:\/\/contables.unp.edu.py\/?page_id=4760\" data-type=\"link\" data-id=\"https:\/\/contables.unp.edu.py\/?page_id=4760\">ir a documento<\/a><\/p>\n\n\n\n<p class=\"has-text-color\" style=\"color:#01090d\">d) Descripci\u00f3n general de c\u00f3mo funciona y cu\u00e1l es el proceso de toma de decisiones;<\/p>\n\n\n\n<p>ir a documento<\/p>\n\n\n\n<p class=\"has-text-color\" style=\"color:#01090d\">e) Listado actualizado de todas las personas que cumplan una funci\u00f3n p\u00fablica o sean funcionarios p\u00fablicos;<\/p>\n\n\n\n<p><a href=\"https:\/\/contables.unp.edu.py\/?page_id=310\" data-type=\"link\" data-id=\"https:\/\/contables.unp.edu.py\/?page_id=310\">ir a documento<\/a><\/p>\n\n\n\n<p class=\"has-text-color\" style=\"color:#01090d\">f) Pol\u00edtica institucional y Planes de acci\u00f3n;<\/p>\n\n\n\n<p>ir a documento<\/p>\n\n\n\n<p class=\"has-text-color\" style=\"color:#01090d\">g) Programas institucionales en ejecuci\u00f3n;<\/p>\n\n\n\n<p>ir a documento<\/p>\n\n\n\n<p class=\"has-text-color\" style=\"color:#01090d\">h) Informes de Auditor\u00eda;<\/p>\n\n\n\n<p>ir a documento<\/p>\n\n\n\n<p class=\"has-text-color\" style=\"color:#01090d\">i) Informes de los viajes oficiales realizados dentro del territorio de la Rep\u00fablica o al extranjero;<\/p>\n\n\n\n<p><a href=\"https:\/\/contables.unp.edu.py\/?page_id=310\" data-type=\"link\" data-id=\"https:\/\/contables.unp.edu.py\/?page_id=310\">ir a documento<\/a><\/p>\n\n\n\n<p class=\"has-text-color\" style=\"color:#01090d\">j) Convenios y contratos celebrados;<\/p>\n\n\n\n<p><a href=\"https:\/\/contables.unp.edu.py\/?page_id=91\" data-type=\"link\" data-id=\"https:\/\/contables.unp.edu.py\/?page_id=91\" target=\"_blank\" rel=\"noreferrer noopener\">ir a documento<\/a><\/p>\n\n\n\n<p class=\"has-text-color\" style=\"color:#01090d\">k) Cartas oficiales;<\/p>\n\n\n\n<p>ir a documento<\/p>\n\n\n\n<p class=\"has-text-color\" style=\"color:#01090d\">l) Informes finales de consultor\u00edas;<\/p>\n\n\n\n<p>ir a documento<\/p>\n\n\n\n<p class=\"has-text-color\" style=\"color:#01090d\">m) Cuadros de resultados;<\/p>\n\n\n\n<p>ir a documento<\/p>\n\n\n\n<p class=\"has-text-color\" style=\"color:#01090d\">n) Lista de poderes vigentes otorgados a abogados;<\/p>\n\n\n\n<p>ir a documento<\/p>\n\n\n\n<p class=\"has-text-color\" style=\"color:#01090d\">o) Sistema de mantenimiento, clasificaci\u00f3n e \u00edndice de los documentos existentes;<\/p>\n\n\n\n<p>ir a documento<\/p>\n\n\n\n<p class=\"has-text-color\" style=\"color:#01090d\">p) Descripci\u00f3n de los procedimientos previstos;<\/p>\n\n\n\n<p>ir a documento<\/p>\n\n\n\n<p class=\"has-text-color\" style=\"color:#01090d\">q) Mecanismos de participaci\u00f3n ciudadana.<\/p>\n\n\n\n<p>ir a documento<\/p>\n","protected":false},"excerpt":{"rendered":"<p>Cumplimiento de la Ley N\u00b0 5189\/2014 \u201cQue establece la obligatoriedad de la provisi\u00f3n de informaciones en el uso de los [&hellip;]<\/p>\n","protected":false},"author":9,"featured_media":0,"parent":0,"menu_order":0,"comment_status":"closed","ping_status":"closed","template":"template-full-width.php","meta":{"site-sidebar-layout":"default","site-content-layout":"","ast-site-content-layout":"default","site-content-style":"default","site-sidebar-style":"default","ast-global-header-display":"","ast-banner-title-visibility":"","ast-main-header-display":"","ast-hfb-above-header-display":"","ast-hfb-below-header-display":"","ast-hfb-mobile-header-display":"","site-post-title":"","ast-breadcrumbs-content":"","ast-featured-img":"","footer-sml-layout":"","ast-disable-related-posts":"","theme-transparent-header-meta":"","adv-header-id-meta":"","stick-header-meta":"","header-above-stick-meta":"","header-main-stick-meta":"","header-below-stick-meta":"","astra-migrate-meta-layouts":"default","ast-page-background-enabled":"default","ast-page-background-meta":{"desktop":{"background-color":"var(--ast-global-color-5)","background-image":"","background-repeat":"repeat","background-position":"center center","background-size":"auto","background-attachment":"scroll","background-type":"","background-media":"","overlay-type":"","overlay-color":"","overlay-opacity":"","overlay-gradient":""},"tablet":{"background-color":"","background-image":"","background-repeat":"repeat","background-position":"center center","background-size":"auto","background-attachment":"scroll","background-type":"","background-media":"","overlay-type":"","overlay-color":"","overlay-opacity":"","overlay-gradient":""},"mobile":{"background-color":"","background-image":"","background-repeat":"repeat","background-position":"center center","background-size":"auto","background-attachment":"scroll","background-type":"","background-media":"","overlay-type":"","overlay-color":"","overlay-opacity":"","overlay-gradient":""}},"ast-content-background-meta":{"desktop":{"background-color":"var(--ast-global-color-4)","background-image":"","background-repeat":"repeat","background-position":"center center","background-size":"auto","background-attachment":"scroll","background-type":"","background-media":"","overlay-type":"","overlay-color":"","overlay-opacity":"","overlay-gradient":""},"tablet":{"background-color":"var(--ast-global-color-4)","background-image":"","background-repeat":"repeat","background-position":"center center","background-size":"auto","background-attachment":"scroll","background-type":"","background-media":"","overlay-type":"","overlay-color":"","overlay-opacity":"","overlay-gradient":""},"mobile":{"background-color":"var(--ast-global-color-4)","background-image":"","background-repeat":"repeat","background-position":"center center","background-size":"auto","background-attachment":"scroll","background-type":"","background-media":"","overlay-type":"","overlay-color":"","overlay-opacity":"","overlay-gradient":""}},"footnotes":""},"class_list":["post-5894","page","type-page","status-publish","hentry"],"_links":{"self":[{"href":"https:\/\/contables.unp.edu.py\/index.php?rest_route=\/wp\/v2\/pages\/5894","targetHints":{"allow":["GET"]}}],"collection":[{"href":"https:\/\/contables.unp.edu.py\/index.php?rest_route=\/wp\/v2\/pages"}],"about":[{"href":"https:\/\/contables.unp.edu.py\/index.php?rest_route=\/wp\/v2\/types\/page"}],"author":[{"embeddable":true,"href":"https:\/\/contables.unp.edu.py\/index.php?rest_route=\/wp\/v2\/users\/9"}],"replies":[{"embeddable":true,"href":"https:\/\/contables.unp.edu.py\/index.php?rest_route=%2Fwp%2Fv2%2Fcomments&post=5894"}],"version-history":[{"count":37,"href":"https:\/\/contables.unp.edu.py\/index.php?rest_route=\/wp\/v2\/pages\/5894\/revisions"}],"predecessor-version":[{"id":7473,"href":"https:\/\/contables.unp.edu.py\/index.php?rest_route=\/wp\/v2\/pages\/5894\/revisions\/7473"}],"wp:attachment":[{"href":"https:\/\/contables.unp.edu.py\/index.php?rest_route=%2Fwp%2Fv2%2Fmedia&parent=5894"}],"curies":[{"name":"wp","href":"https:\/\/api.w.org\/{rel}","templated":true}]}}